{"id":16480,"date":"2021-10-05T17:45:23","date_gmt":"2021-10-05T15:45:23","guid":{"rendered":"https:\/\/www.kuenstlervermittlung-berlin.com\/new\/booking-artists-berlin\/"},"modified":"2025-06-30T18:52:39","modified_gmt":"2025-06-30T16:52:39","slug":"booking-artists-berlin","status":"publish","type":"page","link":"https:\/\/kuenstlervermittlung-berlin.h35.io\/en\/booking-artists-berlin\/","title":{"rendered":"artists-beech-berlin"},"content":{"rendered":"<h1>Book artist in Berlin<\/h1>\n<p>We offer you, as the <strong>artist agency in Berlin<\/strong>, with one of the largest artist catalogs, <strong>artists<\/strong> you can <strong>book<\/strong> for your event. <strong>Engaging<\/strong> or <strong>hiring<\/strong> you can, just to name a few examples, magicians, clowns and cabaret artists as walk acts, <a title=\"Party Bands\" href=\"https:\/\/kuenstlervermittlung-berlin.h35.io\/partybands\/\" target=\"_blank\" rel=\"noopener noreferrer\">party bands<\/a>, live musicians, musicians for classical music as well as big bands or cover bands at the <a title=\"Full Service Agentur Berlin\" href=\"https:\/\/kuenstlervermittlung-berlin.h35.io\/en\/full-service-agency-berlin\/\" target=\"_blank\" rel=\"noopener noreferrer\">Full Service Agency Berlin<\/a>.<\/p>\n<p>In particular in 2020 <strong>20s shows<\/strong> are in demand like dancers, <a title=\"Marlene Dietrich Double\" href=\"https:\/\/kuenstlervermittlung-berlin.h35.io\/en\/marlene-dietrich-double-berlin-3\/\" target=\"_blank\" rel=\"noopener noreferrer\">doubles of Marlene Dietrich<\/a> and <strong>Charly Chaplin<\/strong> as well as <strong>Charleston Bands<\/strong> in 20s outfit.<\/p>\n<p>As a modern <a title=\"Startseite\" href=\"https:\/\/kuenstlervermittlung-berlin.h35.io\/en\/\" target=\"_blank\" rel=\"noopener noreferrer\">artist agency in Berlin<\/a>, we naturally also offer show acts and <strong>entertainers<\/strong> that correspond to the latest trends.<\/p>\n<p>You want to book artists in Berlin? To realize your wish is our passion.<\/p>\n<p><a role=\"button\"><br \/>\nRequest now<br \/>\n<\/a><br \/>\n<img decoding=\"async\" src=\"https:\/\/kuenstlervermittlung-berlin.h35.io\/wp-content\/uploads\/2021\/07\/a-capella-quartett..jpg\" alt=\"Vierstimmiger A Capella Gesang\" width=\"250\" height=\"141\" \/><\/p>\n<h2>Booking artists in Berlin area &#8211; examples<\/h2>\n<p>In the summer months, many summer festivals, street festivals and city festivals take place throughout the greater Berlin area. And because it is just not done with the obligatory bouncy castle and the sausage stand, artists are booked at <strong><em>F\u00f6ldessy Entertainment<\/em><\/strong>. Also for companies that celebrate their <strong>summer party<\/strong> in the outdoor area of their company. Many of the artists, <a title=\"Magie\" href=\"https:\/\/kuenstlervermittlung-berlin.h35.io\/magie\/\" target=\"_blank\" rel=\"noopener noreferrer\">magicians<\/a>, <a title=\"Coverbands Berlin buchen\" href=\"https:\/\/kuenstlervermittlung-berlin.h35.io\/en\/book-coverbands-berlin\/\" target=\"_blank\" rel=\"noopener noreferrer\">cover bands<\/a> and walk acts as well as <a title=\"Mobile Bands\" href=\"https:\/\/kuenstlervermittlung-berlin.h35.io\/en\/mobile-bands-marchingbands\/\" target=\"_blank\" rel=\"noopener noreferrer\">mobile bands<\/a>, who perform at these festivities as <strong>entertainers <\/strong>in <a title=\"Berlin\" href=\"https:\/\/de.wikipedia.org\/wiki\/Berlin\" rel=\"nofollow noopener noreferrer\">Berlin<\/a> are booked, have several uses at once, we for example Walk Acts.<\/p>\n<h3>Walk Acts<\/h3>\n<p><strong>Walk Acts<\/strong> are usually imaginatively designed art figures that move through the audience and so, sometimes here sometimes there, appear at some point of your event. A large part of the classic walking acts moves, dressed in fantastic costumes, as imaginative figures permanently over the entire festival area.<\/p>\n<h4>Music walk acts<\/h4>\n<p>Music can be played everywhere. Even away from the big stages. Music Walk Acts can play in the walk, as <strong>mobile bands<\/strong>, to perform even where there are people who can no longer move, for example because of their age, over the entire festival site. So the music <a title=\"Walking Acts Berlin\" href=\"https:\/\/kuenstlervermittlung-berlin.h35.io\/en\/walking-acts-berlin-2\/\" target=\"_blank\" rel=\"noopener noreferrer\">Walking Acts<\/a> as a mobile band or also as <strong>One Man Band<\/strong> in the 80s style come to the people, so that all visitors of your celebration, everywhere are entertained in the best way.<\/p>\n<h5>Mobile ice cream seller<\/h5>\n<p>The <strong>mobile ice cream vendor<\/strong> offers of course not only the delicious ice cream for the children. The charming, with <strong>comedy<\/strong> interludes peppered way of presentation, is best show entertainment for young and old.<\/p>\n<p>.<\/p>\n<p><a role=\"button\" href=\"#\"><br \/>\nRequest now<br \/>\n<\/a><\/p>\n<h6>Children clown<\/h6>\n<p>Of course, especially on weekends, there are always many families on the road with children. These &#8211; definitely want to be entertained. For this purpose, you can of course book a <strong>children&#8217;s clown<\/strong>, who will skillfully and routinely entertain the offspring. If you so desire, you can of course also book a <strong>clown<\/strong>, who also masters the high art of <strong>balloon modeling<\/strong>.<\/p>\n<h6>Magician<\/h6>\n<p><strong>Magicians<\/strong> you can book these days are usually a far cry from magicians of years gone by. True, they still exist and enjoy a high profile &#8211; <strong>magicians<\/strong> who conjure a rabbit out of a hat and perform ring tricks or rope cutting to a perpetually stunned audience. However, what has grown up is a generation of hi-tech magicians who are incorporating things into the entertainment art of <strong>magic<\/strong> that are absolutely new and thus astounding even veteran magicians. Book with the artist agency Berlin the magician of your choice, which then also you &#8211; actually enchants.<\/p>\n<h6>Book party bands<\/h6>\n<p>Berlin is the city of parties and of course party bands, who get the parties going. Live music, is always something very special, because you can not only hear it, but also experience it. You can see and hear the groove of the live musicians. Party<strong> musicians<\/strong> communicate with the audience, let this participate and animate. Who wants to book <a title=\"Damenbands\" href=\"https:\/\/kuenstlervermittlung-berlin.h35.io\/damenband\/\" target=\"_blank\" rel=\"noopener noreferrer\">Ladies Bands<\/a>, classical orchestras or <strong>party bands<\/strong> in the Berlin area, is spoilt for choice and faces the big question, which of the many party bands in Berlin delivers what it promises and which is best suited for which purpose. More info at <a title=\"Partybands\" href=\"https:\/\/kuenstlervermittlung-berlin.h35.io\/partybands\/\" target=\"_blank\" rel=\"noopener noreferrer\">Booking Party Bands Berlin<\/a>.<\/p>\n<p>.<\/p>\n","protected":false},"excerpt":{"rendered":"<p>Book artist in Berlin We offer you, as the artist agency in Berlin, with one of the largest artist catalogs, artists you can book for your event. Engaging or hiring you can, just to name a few examples, magicians, clowns and cabaret artists as walk acts, party bands, live musicians, musicians for classical music as [&hellip;]<\/p>\n","protected":false},"author":7,"featured_media":22330,"parent":0,"menu_order":0,"comment_status":"closed","ping_status":"closed","template":"","meta":{"_acf_changed":false,"footnotes":""},"class_list":["post-16480","page","type-page","status-publish","has-post-thumbnail","hentry"],"acf":[],"yoast_head":"<!-- This site is optimized with the Yoast SEO Premium plugin v26.0 (Yoast SEO v26.2) - https:\/\/yoast.com\/wordpress\/plugins\/seo\/ -->\n<title>Booking Artists Berlin | Booking Agency Event &amp; Artist Agency<\/title>\n<meta name=\"description\" content=\"Booking artists in Berlin\u2753 F\u00f6ldessy \u2728 Entertainment offers as \u2705 artist agency &amp; \u2705 artist agency full service. For over 25 years in Berlin.\" \/>\n<meta name=\"robots\" content=\"noindex, follow, max-snippet:-1, max-image-preview:large, max-video-preview:-1\" \/>\n<meta property=\"og:locale\" content=\"en_US\" \/>\n<meta property=\"og:type\" content=\"article\" \/>\n<meta property=\"og:title\" content=\"artists-beech-berlin\" \/>\n<meta property=\"og:description\" content=\"Booking artists in Berlin\u2753 F\u00f6ldessy \u2728 Entertainment offers as \u2705 artist agency &amp; \u2705 artist agency full service. For over 25 years in Berlin.\" \/>\n<meta property=\"og:url\" content=\"https:\/\/kuenstlervermittlung-berlin.h35.io\/en\/booking-artists-berlin\/\" \/>\n<meta property=\"og:site_name\" content=\"Artist Agency Berlin\" \/>\n<meta property=\"article:publisher\" content=\"https:\/\/www.facebook.com\/FoeldessyEntertainment.GmbH\/\" \/>\n<meta property=\"article:modified_time\" content=\"2025-06-30T16:52:39+00:00\" \/>\n<meta property=\"og:image\" content=\"https:\/\/kuenstlervermittlung-berlin.h35.io\/wp-content\/uploads\/2022\/01\/artist-agency-berlin.jpg\" \/>\n\t<meta property=\"og:image:width\" content=\"673\" \/>\n\t<meta property=\"og:image:height\" content=\"320\" \/>\n\t<meta property=\"og:image:type\" content=\"image\/jpeg\" \/>\n<meta name=\"twitter:card\" content=\"summary_large_image\" \/>\n<meta name=\"twitter:label1\" content=\"Est. reading time\" \/>\n\t<meta name=\"twitter:data1\" content=\"4 minutes\" \/>\n<script type=\"application\/ld+json\" class=\"yoast-schema-graph\">{\"@context\":\"https:\/\/schema.org\",\"@graph\":[{\"@type\":\"WebPage\",\"@id\":\"https:\/\/kuenstlervermittlung-berlin.h35.io\/en\/booking-artists-berlin\/\",\"url\":\"https:\/\/kuenstlervermittlung-berlin.h35.io\/en\/booking-artists-berlin\/\",\"name\":\"Booking Artists Berlin | Booking Agency Event & Artist Agency\",\"isPartOf\":{\"@id\":\"https:\/\/kuenstlervermittlung-berlin.h35.io\/en\/#website\"},\"primaryImageOfPage\":{\"@id\":\"https:\/\/kuenstlervermittlung-berlin.h35.io\/en\/booking-artists-berlin\/#primaryimage\"},\"image\":{\"@id\":\"https:\/\/kuenstlervermittlung-berlin.h35.io\/en\/booking-artists-berlin\/#primaryimage\"},\"thumbnailUrl\":\"https:\/\/kuenstlervermittlung-berlin.h35.io\/wp-content\/uploads\/2022\/01\/artist-agency-berlin.jpg\",\"datePublished\":\"2021-10-05T15:45:23+00:00\",\"dateModified\":\"2025-06-30T16:52:39+00:00\",\"description\":\"Booking artists in Berlin\u2753 F\u00f6ldessy \u2728 Entertainment offers as \u2705 artist agency & \u2705 artist agency full service. For over 25 years in Berlin.\",\"breadcrumb\":{\"@id\":\"https:\/\/kuenstlervermittlung-berlin.h35.io\/en\/booking-artists-berlin\/#breadcrumb\"},\"inLanguage\":\"en-US\",\"potentialAction\":[{\"@type\":\"ReadAction\",\"target\":[\"https:\/\/kuenstlervermittlung-berlin.h35.io\/en\/booking-artists-berlin\/\"]}]},{\"@type\":\"ImageObject\",\"inLanguage\":\"en-US\",\"@id\":\"https:\/\/kuenstlervermittlung-berlin.h35.io\/en\/booking-artists-berlin\/#primaryimage\",\"url\":\"https:\/\/kuenstlervermittlung-berlin.h35.io\/wp-content\/uploads\/2022\/01\/artist-agency-berlin.jpg\",\"contentUrl\":\"https:\/\/kuenstlervermittlung-berlin.h35.io\/wp-content\/uploads\/2022\/01\/artist-agency-berlin.jpg\",\"width\":673,\"height\":320,\"caption\":\"artist-agency-berlin\"},{\"@type\":\"BreadcrumbList\",\"@id\":\"https:\/\/kuenstlervermittlung-berlin.h35.io\/en\/booking-artists-berlin\/#breadcrumb\",\"itemListElement\":[{\"@type\":\"ListItem\",\"position\":1,\"name\":\"Startseite\",\"item\":\"https:\/\/kuenstlervermittlung-berlin.h35.io\/en\/\"},{\"@type\":\"ListItem\",\"position\":2,\"name\":\"artists-beech-berlin\"}]},{\"@type\":\"WebSite\",\"@id\":\"https:\/\/kuenstlervermittlung-berlin.h35.io\/en\/#website\",\"url\":\"https:\/\/kuenstlervermittlung-berlin.h35.io\/en\/\",\"name\":\"K\u00fcnstlervermittlung Berlin\",\"description\":\"book artists and musicians\",\"publisher\":{\"@id\":\"https:\/\/kuenstlervermittlung-berlin.h35.io\/en\/#organization\"},\"alternateName\":\"KB\",\"potentialAction\":[{\"@type\":\"SearchAction\",\"target\":{\"@type\":\"EntryPoint\",\"urlTemplate\":\"https:\/\/kuenstlervermittlung-berlin.h35.io\/en\/?s={search_term_string}\"},\"query-input\":{\"@type\":\"PropertyValueSpecification\",\"valueRequired\":true,\"valueName\":\"search_term_string\"}}],\"inLanguage\":\"en-US\"},{\"@type\":\"Organization\",\"@id\":\"https:\/\/kuenstlervermittlung-berlin.h35.io\/en\/#organization\",\"name\":\"Kuenstleragentur-Berlin\",\"alternateName\":\"Kuenstlervermittlung-Berlin\",\"url\":\"https:\/\/kuenstlervermittlung-berlin.h35.io\/en\/\",\"logo\":{\"@type\":\"ImageObject\",\"inLanguage\":\"en-US\",\"@id\":\"https:\/\/kuenstlervermittlung-berlin.h35.io\/en\/#\/schema\/logo\/image\/\",\"url\":\"https:\/\/kuenstlervermittlung-berlin.h35.io\/wp-content\/uploads\/2024\/02\/partybands-Berlin-kuenstlervermittlung-berlin.jpg\",\"contentUrl\":\"https:\/\/kuenstlervermittlung-berlin.h35.io\/wp-content\/uploads\/2024\/02\/partybands-Berlin-kuenstlervermittlung-berlin.jpg\",\"width\":1600,\"height\":814,\"caption\":\"Kuenstleragentur-Berlin\"},\"image\":{\"@id\":\"https:\/\/kuenstlervermittlung-berlin.h35.io\/en\/#\/schema\/logo\/image\/\"},\"sameAs\":[\"https:\/\/www.facebook.com\/FoeldessyEntertainment.GmbH\/\",\"https:\/\/www.instagram.com\/ariadnefoeldessy\/\",\"https:\/\/www.linkedin.com\/in\/ariadne-f\u00f6ldessy-12a23029\/\"],\"description\":\"Kuenstlervermittlung-Berlin wir organisieren Veranstaltungen in ganz Deutschland und Europa. Wir vermitteln Musiker, Artisten, Showakrobaten, Partybdans, Jazzbands, Lounge-Bands,Chill-out-bands, 20er Jahre Shows, Vintage-Shows, Great Gatsby-Shows , Street-Style-Shows, LED-Shows, Bayrische Bands, Oktoberfestband, Jazzbands, DJ, Djane, Comedy K\u00fcnstler, A Capella K\u00fcnstler f\u00fcr Firmenevents, MItarbeiterpartys, Cocktailempfang, Gebutstagsfeiern, Hochzeiten, internationale Kongresse, Messepartys und Messeshows.\",\"email\":\"show@show.gmbh\",\"telephone\":\"+4933203820910\",\"legalName\":\"GmbH\",\"foundingDate\":\"1997-09-18\",\"vatID\":\"DE177317523\",\"taxID\":\"46\/105\/05150\",\"numberOfEmployees\":{\"@type\":\"QuantitativeValue\",\"minValue\":\"1\",\"maxValue\":\"10\"}}]}<\/script>\n<!-- \/ Yoast SEO Premium plugin. -->","yoast_head_json":{"title":"Booking Artists Berlin | Booking Agency Event & Artist Agency","description":"Booking artists in Berlin\u2753 F\u00f6ldessy \u2728 Entertainment offers as \u2705 artist agency & \u2705 artist agency full service. For over 25 years in Berlin.","robots":{"index":"noindex","follow":"follow","max-snippet":"max-snippet:-1","max-image-preview":"max-image-preview:large","max-video-preview":"max-video-preview:-1"},"og_locale":"en_US","og_type":"article","og_title":"artists-beech-berlin","og_description":"Booking artists in Berlin\u2753 F\u00f6ldessy \u2728 Entertainment offers as \u2705 artist agency & \u2705 artist agency full service. For over 25 years in Berlin.","og_url":"https:\/\/kuenstlervermittlung-berlin.h35.io\/en\/booking-artists-berlin\/","og_site_name":"Artist Agency Berlin","article_publisher":"https:\/\/www.facebook.com\/FoeldessyEntertainment.GmbH\/","article_modified_time":"2025-06-30T16:52:39+00:00","og_image":[{"width":673,"height":320,"url":"https:\/\/kuenstlervermittlung-berlin.h35.io\/wp-content\/uploads\/2022\/01\/artist-agency-berlin.jpg","type":"image\/jpeg"}],"twitter_card":"summary_large_image","twitter_misc":{"Est. reading time":"4 minutes"},"schema":{"@context":"https:\/\/schema.org","@graph":[{"@type":"WebPage","@id":"https:\/\/kuenstlervermittlung-berlin.h35.io\/en\/booking-artists-berlin\/","url":"https:\/\/kuenstlervermittlung-berlin.h35.io\/en\/booking-artists-berlin\/","name":"Booking Artists Berlin | Booking Agency Event & Artist Agency","isPartOf":{"@id":"https:\/\/kuenstlervermittlung-berlin.h35.io\/en\/#website"},"primaryImageOfPage":{"@id":"https:\/\/kuenstlervermittlung-berlin.h35.io\/en\/booking-artists-berlin\/#primaryimage"},"image":{"@id":"https:\/\/kuenstlervermittlung-berlin.h35.io\/en\/booking-artists-berlin\/#primaryimage"},"thumbnailUrl":"https:\/\/kuenstlervermittlung-berlin.h35.io\/wp-content\/uploads\/2022\/01\/artist-agency-berlin.jpg","datePublished":"2021-10-05T15:45:23+00:00","dateModified":"2025-06-30T16:52:39+00:00","description":"Booking artists in Berlin\u2753 F\u00f6ldessy \u2728 Entertainment offers as \u2705 artist agency & \u2705 artist agency full service. For over 25 years in Berlin.","breadcrumb":{"@id":"https:\/\/kuenstlervermittlung-berlin.h35.io\/en\/booking-artists-berlin\/#breadcrumb"},"inLanguage":"en-US","potentialAction":[{"@type":"ReadAction","target":["https:\/\/kuenstlervermittlung-berlin.h35.io\/en\/booking-artists-berlin\/"]}]},{"@type":"ImageObject","inLanguage":"en-US","@id":"https:\/\/kuenstlervermittlung-berlin.h35.io\/en\/booking-artists-berlin\/#primaryimage","url":"https:\/\/kuenstlervermittlung-berlin.h35.io\/wp-content\/uploads\/2022\/01\/artist-agency-berlin.jpg","contentUrl":"https:\/\/kuenstlervermittlung-berlin.h35.io\/wp-content\/uploads\/2022\/01\/artist-agency-berlin.jpg","width":673,"height":320,"caption":"artist-agency-berlin"},{"@type":"BreadcrumbList","@id":"https:\/\/kuenstlervermittlung-berlin.h35.io\/en\/booking-artists-berlin\/#breadcrumb","itemListElement":[{"@type":"ListItem","position":1,"name":"Startseite","item":"https:\/\/kuenstlervermittlung-berlin.h35.io\/en\/"},{"@type":"ListItem","position":2,"name":"artists-beech-berlin"}]},{"@type":"WebSite","@id":"https:\/\/kuenstlervermittlung-berlin.h35.io\/en\/#website","url":"https:\/\/kuenstlervermittlung-berlin.h35.io\/en\/","name":"K\u00fcnstlervermittlung Berlin","description":"book artists and musicians","publisher":{"@id":"https:\/\/kuenstlervermittlung-berlin.h35.io\/en\/#organization"},"alternateName":"KB","potentialAction":[{"@type":"SearchAction","target":{"@type":"EntryPoint","urlTemplate":"https:\/\/kuenstlervermittlung-berlin.h35.io\/en\/?s={search_term_string}"},"query-input":{"@type":"PropertyValueSpecification","valueRequired":true,"valueName":"search_term_string"}}],"inLanguage":"en-US"},{"@type":"Organization","@id":"https:\/\/kuenstlervermittlung-berlin.h35.io\/en\/#organization","name":"Kuenstleragentur-Berlin","alternateName":"Kuenstlervermittlung-Berlin","url":"https:\/\/kuenstlervermittlung-berlin.h35.io\/en\/","logo":{"@type":"ImageObject","inLanguage":"en-US","@id":"https:\/\/kuenstlervermittlung-berlin.h35.io\/en\/#\/schema\/logo\/image\/","url":"https:\/\/kuenstlervermittlung-berlin.h35.io\/wp-content\/uploads\/2024\/02\/partybands-Berlin-kuenstlervermittlung-berlin.jpg","contentUrl":"https:\/\/kuenstlervermittlung-berlin.h35.io\/wp-content\/uploads\/2024\/02\/partybands-Berlin-kuenstlervermittlung-berlin.jpg","width":1600,"height":814,"caption":"Kuenstleragentur-Berlin"},"image":{"@id":"https:\/\/kuenstlervermittlung-berlin.h35.io\/en\/#\/schema\/logo\/image\/"},"sameAs":["https:\/\/www.facebook.com\/FoeldessyEntertainment.GmbH\/","https:\/\/www.instagram.com\/ariadnefoeldessy\/","https:\/\/www.linkedin.com\/in\/ariadne-f\u00f6ldessy-12a23029\/"],"description":"Kuenstlervermittlung-Berlin wir organisieren Veranstaltungen in ganz Deutschland und Europa. Wir vermitteln Musiker, Artisten, Showakrobaten, Partybdans, Jazzbands, Lounge-Bands,Chill-out-bands, 20er Jahre Shows, Vintage-Shows, Great Gatsby-Shows , Street-Style-Shows, LED-Shows, Bayrische Bands, Oktoberfestband, Jazzbands, DJ, Djane, Comedy K\u00fcnstler, A Capella K\u00fcnstler f\u00fcr Firmenevents, MItarbeiterpartys, Cocktailempfang, Gebutstagsfeiern, Hochzeiten, internationale Kongresse, Messepartys und Messeshows.","email":"show@show.gmbh","telephone":"+4933203820910","legalName":"GmbH","foundingDate":"1997-09-18","vatID":"DE177317523","taxID":"46\/105\/05150","numberOfEmployees":{"@type":"QuantitativeValue","minValue":"1","maxValue":"10"}}]}},"_links":{"self":[{"href":"https:\/\/kuenstlervermittlung-berlin.h35.io\/en\/wp-json\/wp\/v2\/pages\/16480","targetHints":{"allow":["GET"]}}],"collection":[{"href":"https:\/\/kuenstlervermittlung-berlin.h35.io\/en\/wp-json\/wp\/v2\/pages"}],"about":[{"href":"https:\/\/kuenstlervermittlung-berlin.h35.io\/en\/wp-json\/wp\/v2\/types\/page"}],"author":[{"embeddable":true,"href":"https:\/\/kuenstlervermittlung-berlin.h35.io\/en\/wp-json\/wp\/v2\/users\/7"}],"replies":[{"embeddable":true,"href":"https:\/\/kuenstlervermittlung-berlin.h35.io\/en\/wp-json\/wp\/v2\/comments?post=16480"}],"version-history":[{"count":7,"href":"https:\/\/kuenstlervermittlung-berlin.h35.io\/en\/wp-json\/wp\/v2\/pages\/16480\/revisions"}],"predecessor-version":[{"id":26056,"href":"https:\/\/kuenstlervermittlung-berlin.h35.io\/en\/wp-json\/wp\/v2\/pages\/16480\/revisions\/26056"}],"wp:featuredmedia":[{"embeddable":true,"href":"https:\/\/kuenstlervermittlung-berlin.h35.io\/en\/wp-json\/wp\/v2\/media\/22330"}],"wp:attachment":[{"href":"https:\/\/kuenstlervermittlung-berlin.h35.io\/en\/wp-json\/wp\/v2\/media?parent=16480"}],"curies":[{"name":"wp","href":"https:\/\/api.w.org\/{rel}","templated":true}]}}