{"id":16482,"date":"2021-10-05T17:46:19","date_gmt":"2021-10-05T15:46:19","guid":{"rendered":"https:\/\/www.kuenstlervermittlung-berlin.com\/new\/book-singing-waiters\/"},"modified":"2022-02-07T20:23:29","modified_gmt":"2022-02-07T19:23:29","slug":"book-singing-waiters","status":"publish","type":"page","link":"https:\/\/kuenstlervermittlung-berlin.h35.io\/en\/book-singing-waiters\/","title":{"rendered":"Booking singing waiters"},"content":{"rendered":"\t\t<div data-elementor-type=\"wp-page\" data-elementor-id=\"16482\" class=\"elementor elementor-16482 elementor-9660\" data-elementor-post-type=\"page\">\n\t\t\t\t\t\t<section class=\"elementor-section elementor-top-section elementor-element elementor-element-855750d elementor-section-full_width elementor-section-height-default elementor-section-height-default\" data-id=\"855750d\" data-element_type=\"section\" data-settings=\"{&quot;background_background&quot;:&quot;classic&quot;,&quot;shape_divider_bottom&quot;:&quot;tilt&quot;}\">\n\t\t\t\t\t<div class=\"elementor-shape elementor-shape-bottom\" aria-hidden=\"true\" data-negative=\"false\">\n\t\t\t<svg xmlns=\"http:\/\/www.w3.org\/2000\/svg\" viewBox=\"0 0 1000 100\" preserveAspectRatio=\"none\">\n\t<path class=\"elementor-shape-fill\" d=\"M0,6V0h1000v100L0,6z\"\/>\n<\/svg>\t\t<\/div>\n\t\t\t\t\t<div class=\"elementor-container elementor-column-gap-default\">\n\t\t\t\t\t<div class=\"elementor-column elementor-col-100 elementor-top-column elementor-element elementor-element-7adddb8\" data-id=\"7adddb8\" data-element_type=\"column\" data-settings=\"{&quot;background_background&quot;:&quot;classic&quot;}\">\n\t\t\t<div class=\"elementor-widget-wrap elementor-element-populated\">\n\t\t\t\t\t\t<div class=\"elementor-element elementor-element-9c18656 dce_masking-none elementor-widget elementor-widget-image\" data-id=\"9c18656\" data-element_type=\"widget\" data-widget_type=\"image.default\">\n\t\t\t\t<div class=\"elementor-widget-container\">\n\t\t\t\t\t\t\t\t\t\t\t\t\t\t\t<img fetchpriority=\"high\" decoding=\"async\" width=\"689\" height=\"459\" src=\"https:\/\/kuenstlervermittlung-berlin.h35.io\/wp-content\/uploads\/2021\/07\/singende-Kellner-singing-waiters-1..jpg\" class=\"attachment-large size-large wp-image-15327\" alt=\"Singing waiter Buchen\" srcset=\"https:\/\/kuenstlervermittlung-berlin.h35.io\/wp-content\/uploads\/2021\/07\/singende-Kellner-singing-waiters-1..jpg 689w, https:\/\/kuenstlervermittlung-berlin.h35.io\/wp-content\/uploads\/2021\/07\/singende-Kellner-singing-waiters-1.-300x200.jpg 300w\" sizes=\"(max-width: 689px) 100vw, 689px\" \/>\t\t\t\t\t\t\t\t\t\t\t\t\t\t\t<\/div>\n\t\t\t\t<\/div>\n\t\t\t\t\t<\/div>\n\t\t<\/div>\n\t\t\t\t\t<\/div>\n\t\t<\/section>\n\t\t\t\t<section class=\"elementor-section elementor-top-section elementor-element elementor-element-cd72ec8 elementor-section-boxed elementor-section-height-default elementor-section-height-default\" data-id=\"cd72ec8\" data-element_type=\"section\">\n\t\t\t\t\t\t<div class=\"elementor-container elementor-column-gap-default\">\n\t\t\t\t\t<div class=\"elementor-column elementor-col-100 elementor-top-column elementor-element elementor-element-39dd952\" data-id=\"39dd952\" data-element_type=\"column\">\n\t\t\t<div class=\"elementor-widget-wrap elementor-element-populated\">\n\t\t\t\t\t\t<div class=\"elementor-element elementor-element-8964090 elementor-widget elementor-widget-heading\" data-id=\"8964090\" data-element_type=\"widget\" data-widget_type=\"heading.default\">\n\t\t\t\t<div class=\"elementor-widget-container\">\n\t\t\t\t\t<h1 class=\"elementor-heading-title elementor-size-large\">SINGING WAITERS - SINGING WAITERS<\/h1>\t\t\t\t<\/div>\n\t\t\t\t<\/div>\n\t\t\t\t<div class=\"elementor-element elementor-element-0adf0d1 elementor-widget elementor-widget-text-editor\" data-id=\"0adf0d1\" data-element_type=\"widget\" data-widget_type=\"text-editor.default\">\n\t\t\t\t<div class=\"elementor-widget-container\">\n\t\t\t\t\t\t\t\t\t<p><strong>Our singing waiters and waitresses<\/strong> inspire high above the rooftops of Berlin. Tenors and sopranos entertain with classical and the most popular arias of the opera world. In order not to strain the guests too much, our program was expanded with small modern interludes.<\/p>\n\t\t\t\t\t\t\t\t<\/div>\n\t\t\t\t<\/div>\n\t\t\t\t<div class=\"elementor-element elementor-element-f801b34 elementor-align-center elementor-widget elementor-widget-button\" data-id=\"f801b34\" data-element_type=\"widget\" data-widget_type=\"button.default\">\n\t\t\t\t<div class=\"elementor-widget-container\">\n\t\t\t\t\t\t\t\t\t<div class=\"elementor-button-wrapper\">\n\t\t\t\t\t<a class=\"elementor-button elementor-button-link elementor-size-sm\" href=\"#\">\n\t\t\t\t\t\t<span class=\"elementor-button-content-wrapper\">\n\t\t\t\t\t\t\t\t\t<span class=\"elementor-button-text\">Request now<\/span>\n\t\t\t\t\t<\/span>\n\t\t\t\t\t<\/a>\n\t\t\t\t<\/div>\n\t\t\t\t\t\t\t\t<\/div>\n\t\t\t\t<\/div>\n\t\t\t\t\t<\/div>\n\t\t<\/div>\n\t\t\t\t\t<\/div>\n\t\t<\/section>\n\t\t\t\t<\/div>\n\t\t","protected":false},"excerpt":{"rendered":"<p>SINGING WAITERS &#8211; SINGING WAITERS Our singing waiters and waitresses inspire high above the rooftops of Berlin. Tenors and sopranos entertain with classical and the most popular arias of the opera world. In order not to strain the guests too much, our program was expanded with small modern interludes. Request now<\/p>\n","protected":false},"author":7,"featured_media":15299,"parent":0,"menu_order":0,"comment_status":"closed","ping_status":"closed","template":"","meta":{"_acf_changed":false,"footnotes":""},"class_list":["post-16482","page","type-page","status-publish","has-post-thumbnail","hentry"],"acf":[],"yoast_head":"<!-- This site is optimized with the Yoast SEO Premium plugin v26.0 (Yoast SEO v26.2) - https:\/\/yoast.com\/wordpress\/plugins\/seo\/ -->\n<title>Singing Waiters- Singing Waiters - booking agency Berlin<\/title>\n<meta name=\"description\" content=\"Singing waiters booking inspire guests with their performance. Book now at the musician agency in Berlin.\" \/>\n<meta name=\"robots\" content=\"noindex, follow, max-snippet:-1, max-image-preview:large, max-video-preview:-1\" \/>\n<meta property=\"og:locale\" content=\"en_US\" \/>\n<meta property=\"og:type\" content=\"article\" \/>\n<meta property=\"og:title\" content=\"Booking singing waiters\" \/>\n<meta property=\"og:description\" content=\"Singing waiters booking inspire guests with their performance. Book now at the musician agency in Berlin.\" \/>\n<meta property=\"og:url\" content=\"https:\/\/kuenstlervermittlung-berlin.h35.io\/en\/book-singing-waiters\/\" \/>\n<meta property=\"og:site_name\" content=\"Artist Agency Berlin\" \/>\n<meta property=\"article:publisher\" content=\"https:\/\/www.facebook.com\/FoeldessyEntertainment.GmbH\/\" \/>\n<meta property=\"article:modified_time\" content=\"2022-02-07T19:23:29+00:00\" \/>\n<meta property=\"og:image\" content=\"https:\/\/kuenstlervermittlung-berlin.h35.io\/wp-content\/uploads\/2021\/07\/sprungakrobatik..jpg\" \/>\n\t<meta property=\"og:image:width\" content=\"250\" \/>\n\t<meta property=\"og:image:height\" content=\"102\" \/>\n\t<meta property=\"og:image:type\" content=\"image\/jpeg\" \/>\n<meta name=\"twitter:card\" content=\"summary_large_image\" \/>\n<meta name=\"twitter:label1\" content=\"Est. reading time\" \/>\n\t<meta name=\"twitter:data1\" content=\"5 minutes\" \/>\n<script type=\"application\/ld+json\" class=\"yoast-schema-graph\">{\"@context\":\"https:\/\/schema.org\",\"@graph\":[{\"@type\":\"WebPage\",\"@id\":\"https:\/\/kuenstlervermittlung-berlin.h35.io\/en\/book-singing-waiters\/\",\"url\":\"https:\/\/kuenstlervermittlung-berlin.h35.io\/en\/book-singing-waiters\/\",\"name\":\"Singing Waiters- Singing Waiters - booking agency Berlin\",\"isPartOf\":{\"@id\":\"https:\/\/kuenstlervermittlung-berlin.h35.io\/en\/#website\"},\"primaryImageOfPage\":{\"@id\":\"https:\/\/kuenstlervermittlung-berlin.h35.io\/en\/book-singing-waiters\/#primaryimage\"},\"image\":{\"@id\":\"https:\/\/kuenstlervermittlung-berlin.h35.io\/en\/book-singing-waiters\/#primaryimage\"},\"thumbnailUrl\":\"https:\/\/kuenstlervermittlung-berlin.h35.io\/wp-content\/uploads\/2021\/07\/sprungakrobatik..jpg\",\"datePublished\":\"2021-10-05T15:46:19+00:00\",\"dateModified\":\"2022-02-07T19:23:29+00:00\",\"description\":\"Singing waiters booking inspire guests with their performance. Book now at the musician agency in Berlin.\",\"breadcrumb\":{\"@id\":\"https:\/\/kuenstlervermittlung-berlin.h35.io\/en\/book-singing-waiters\/#breadcrumb\"},\"inLanguage\":\"en-US\",\"potentialAction\":[{\"@type\":\"ReadAction\",\"target\":[\"https:\/\/kuenstlervermittlung-berlin.h35.io\/en\/book-singing-waiters\/\"]}]},{\"@type\":\"ImageObject\",\"inLanguage\":\"en-US\",\"@id\":\"https:\/\/kuenstlervermittlung-berlin.h35.io\/en\/book-singing-waiters\/#primaryimage\",\"url\":\"https:\/\/kuenstlervermittlung-berlin.h35.io\/wp-content\/uploads\/2021\/07\/sprungakrobatik..jpg\",\"contentUrl\":\"https:\/\/kuenstlervermittlung-berlin.h35.io\/wp-content\/uploads\/2021\/07\/sprungakrobatik..jpg\",\"width\":250,\"height\":102,\"caption\":\"Jumping acrobats perform a show with synchronized body movements\"},{\"@type\":\"BreadcrumbList\",\"@id\":\"https:\/\/kuenstlervermittlung-berlin.h35.io\/en\/book-singing-waiters\/#breadcrumb\",\"itemListElement\":[{\"@type\":\"ListItem\",\"position\":1,\"name\":\"Startseite\",\"item\":\"https:\/\/kuenstlervermittlung-berlin.h35.io\/en\/\"},{\"@type\":\"ListItem\",\"position\":2,\"name\":\"Booking singing waiters\"}]},{\"@type\":\"WebSite\",\"@id\":\"https:\/\/kuenstlervermittlung-berlin.h35.io\/en\/#website\",\"url\":\"https:\/\/kuenstlervermittlung-berlin.h35.io\/en\/\",\"name\":\"K\u00fcnstlervermittlung Berlin\",\"description\":\"book artists and musicians\",\"publisher\":{\"@id\":\"https:\/\/kuenstlervermittlung-berlin.h35.io\/en\/#organization\"},\"alternateName\":\"KB\",\"potentialAction\":[{\"@type\":\"SearchAction\",\"target\":{\"@type\":\"EntryPoint\",\"urlTemplate\":\"https:\/\/kuenstlervermittlung-berlin.h35.io\/en\/?s={search_term_string}\"},\"query-input\":{\"@type\":\"PropertyValueSpecification\",\"valueRequired\":true,\"valueName\":\"search_term_string\"}}],\"inLanguage\":\"en-US\"},{\"@type\":\"Organization\",\"@id\":\"https:\/\/kuenstlervermittlung-berlin.h35.io\/en\/#organization\",\"name\":\"Kuenstleragentur-Berlin\",\"alternateName\":\"Kuenstlervermittlung-Berlin\",\"url\":\"https:\/\/kuenstlervermittlung-berlin.h35.io\/en\/\",\"logo\":{\"@type\":\"ImageObject\",\"inLanguage\":\"en-US\",\"@id\":\"https:\/\/kuenstlervermittlung-berlin.h35.io\/en\/#\/schema\/logo\/image\/\",\"url\":\"https:\/\/kuenstlervermittlung-berlin.h35.io\/wp-content\/uploads\/2024\/02\/partybands-Berlin-kuenstlervermittlung-berlin.jpg\",\"contentUrl\":\"https:\/\/kuenstlervermittlung-berlin.h35.io\/wp-content\/uploads\/2024\/02\/partybands-Berlin-kuenstlervermittlung-berlin.jpg\",\"width\":1600,\"height\":814,\"caption\":\"Kuenstleragentur-Berlin\"},\"image\":{\"@id\":\"https:\/\/kuenstlervermittlung-berlin.h35.io\/en\/#\/schema\/logo\/image\/\"},\"sameAs\":[\"https:\/\/www.facebook.com\/FoeldessyEntertainment.GmbH\/\",\"https:\/\/www.instagram.com\/ariadnefoeldessy\/\",\"https:\/\/www.linkedin.com\/in\/ariadne-f\u00f6ldessy-12a23029\/\"],\"description\":\"Kuenstlervermittlung-Berlin wir organisieren Veranstaltungen in ganz Deutschland und Europa. Wir vermitteln Musiker, Artisten, Showakrobaten, Partybdans, Jazzbands, Lounge-Bands,Chill-out-bands, 20er Jahre Shows, Vintage-Shows, Great Gatsby-Shows , Street-Style-Shows, LED-Shows, Bayrische Bands, Oktoberfestband, Jazzbands, DJ, Djane, Comedy K\u00fcnstler, A Capella K\u00fcnstler f\u00fcr Firmenevents, MItarbeiterpartys, Cocktailempfang, Gebutstagsfeiern, Hochzeiten, internationale Kongresse, Messepartys und Messeshows.\",\"email\":\"show@show.gmbh\",\"telephone\":\"+4933203820910\",\"legalName\":\"GmbH\",\"foundingDate\":\"1997-09-18\",\"vatID\":\"DE177317523\",\"taxID\":\"46\/105\/05150\",\"numberOfEmployees\":{\"@type\":\"QuantitativeValue\",\"minValue\":\"1\",\"maxValue\":\"10\"}}]}<\/script>\n<!-- \/ Yoast SEO Premium plugin. -->","yoast_head_json":{"title":"Singing Waiters- Singing Waiters - booking agency Berlin","description":"Singing waiters booking inspire guests with their performance. Book now at the musician agency in Berlin.","robots":{"index":"noindex","follow":"follow","max-snippet":"max-snippet:-1","max-image-preview":"max-image-preview:large","max-video-preview":"max-video-preview:-1"},"og_locale":"en_US","og_type":"article","og_title":"Booking singing waiters","og_description":"Singing waiters booking inspire guests with their performance. Book now at the musician agency in Berlin.","og_url":"https:\/\/kuenstlervermittlung-berlin.h35.io\/en\/book-singing-waiters\/","og_site_name":"Artist Agency Berlin","article_publisher":"https:\/\/www.facebook.com\/FoeldessyEntertainment.GmbH\/","article_modified_time":"2022-02-07T19:23:29+00:00","og_image":[{"width":250,"height":102,"url":"https:\/\/kuenstlervermittlung-berlin.h35.io\/wp-content\/uploads\/2021\/07\/sprungakrobatik..jpg","type":"image\/jpeg"}],"twitter_card":"summary_large_image","twitter_misc":{"Est. reading time":"5 minutes"},"schema":{"@context":"https:\/\/schema.org","@graph":[{"@type":"WebPage","@id":"https:\/\/kuenstlervermittlung-berlin.h35.io\/en\/book-singing-waiters\/","url":"https:\/\/kuenstlervermittlung-berlin.h35.io\/en\/book-singing-waiters\/","name":"Singing Waiters- Singing Waiters - booking agency Berlin","isPartOf":{"@id":"https:\/\/kuenstlervermittlung-berlin.h35.io\/en\/#website"},"primaryImageOfPage":{"@id":"https:\/\/kuenstlervermittlung-berlin.h35.io\/en\/book-singing-waiters\/#primaryimage"},"image":{"@id":"https:\/\/kuenstlervermittlung-berlin.h35.io\/en\/book-singing-waiters\/#primaryimage"},"thumbnailUrl":"https:\/\/kuenstlervermittlung-berlin.h35.io\/wp-content\/uploads\/2021\/07\/sprungakrobatik..jpg","datePublished":"2021-10-05T15:46:19+00:00","dateModified":"2022-02-07T19:23:29+00:00","description":"Singing waiters booking inspire guests with their performance. Book now at the musician agency in Berlin.","breadcrumb":{"@id":"https:\/\/kuenstlervermittlung-berlin.h35.io\/en\/book-singing-waiters\/#breadcrumb"},"inLanguage":"en-US","potentialAction":[{"@type":"ReadAction","target":["https:\/\/kuenstlervermittlung-berlin.h35.io\/en\/book-singing-waiters\/"]}]},{"@type":"ImageObject","inLanguage":"en-US","@id":"https:\/\/kuenstlervermittlung-berlin.h35.io\/en\/book-singing-waiters\/#primaryimage","url":"https:\/\/kuenstlervermittlung-berlin.h35.io\/wp-content\/uploads\/2021\/07\/sprungakrobatik..jpg","contentUrl":"https:\/\/kuenstlervermittlung-berlin.h35.io\/wp-content\/uploads\/2021\/07\/sprungakrobatik..jpg","width":250,"height":102,"caption":"Jumping acrobats perform a show with synchronized body movements"},{"@type":"BreadcrumbList","@id":"https:\/\/kuenstlervermittlung-berlin.h35.io\/en\/book-singing-waiters\/#breadcrumb","itemListElement":[{"@type":"ListItem","position":1,"name":"Startseite","item":"https:\/\/kuenstlervermittlung-berlin.h35.io\/en\/"},{"@type":"ListItem","position":2,"name":"Booking singing waiters"}]},{"@type":"WebSite","@id":"https:\/\/kuenstlervermittlung-berlin.h35.io\/en\/#website","url":"https:\/\/kuenstlervermittlung-berlin.h35.io\/en\/","name":"K\u00fcnstlervermittlung Berlin","description":"book artists and musicians","publisher":{"@id":"https:\/\/kuenstlervermittlung-berlin.h35.io\/en\/#organization"},"alternateName":"KB","potentialAction":[{"@type":"SearchAction","target":{"@type":"EntryPoint","urlTemplate":"https:\/\/kuenstlervermittlung-berlin.h35.io\/en\/?s={search_term_string}"},"query-input":{"@type":"PropertyValueSpecification","valueRequired":true,"valueName":"search_term_string"}}],"inLanguage":"en-US"},{"@type":"Organization","@id":"https:\/\/kuenstlervermittlung-berlin.h35.io\/en\/#organization","name":"Kuenstleragentur-Berlin","alternateName":"Kuenstlervermittlung-Berlin","url":"https:\/\/kuenstlervermittlung-berlin.h35.io\/en\/","logo":{"@type":"ImageObject","inLanguage":"en-US","@id":"https:\/\/kuenstlervermittlung-berlin.h35.io\/en\/#\/schema\/logo\/image\/","url":"https:\/\/kuenstlervermittlung-berlin.h35.io\/wp-content\/uploads\/2024\/02\/partybands-Berlin-kuenstlervermittlung-berlin.jpg","contentUrl":"https:\/\/kuenstlervermittlung-berlin.h35.io\/wp-content\/uploads\/2024\/02\/partybands-Berlin-kuenstlervermittlung-berlin.jpg","width":1600,"height":814,"caption":"Kuenstleragentur-Berlin"},"image":{"@id":"https:\/\/kuenstlervermittlung-berlin.h35.io\/en\/#\/schema\/logo\/image\/"},"sameAs":["https:\/\/www.facebook.com\/FoeldessyEntertainment.GmbH\/","https:\/\/www.instagram.com\/ariadnefoeldessy\/","https:\/\/www.linkedin.com\/in\/ariadne-f\u00f6ldessy-12a23029\/"],"description":"Kuenstlervermittlung-Berlin wir organisieren Veranstaltungen in ganz Deutschland und Europa. Wir vermitteln Musiker, Artisten, Showakrobaten, Partybdans, Jazzbands, Lounge-Bands,Chill-out-bands, 20er Jahre Shows, Vintage-Shows, Great Gatsby-Shows , Street-Style-Shows, LED-Shows, Bayrische Bands, Oktoberfestband, Jazzbands, DJ, Djane, Comedy K\u00fcnstler, A Capella K\u00fcnstler f\u00fcr Firmenevents, MItarbeiterpartys, Cocktailempfang, Gebutstagsfeiern, Hochzeiten, internationale Kongresse, Messepartys und Messeshows.","email":"show@show.gmbh","telephone":"+4933203820910","legalName":"GmbH","foundingDate":"1997-09-18","vatID":"DE177317523","taxID":"46\/105\/05150","numberOfEmployees":{"@type":"QuantitativeValue","minValue":"1","maxValue":"10"}}]}},"_links":{"self":[{"href":"https:\/\/kuenstlervermittlung-berlin.h35.io\/en\/wp-json\/wp\/v2\/pages\/16482","targetHints":{"allow":["GET"]}}],"collection":[{"href":"https:\/\/kuenstlervermittlung-berlin.h35.io\/en\/wp-json\/wp\/v2\/pages"}],"about":[{"href":"https:\/\/kuenstlervermittlung-berlin.h35.io\/en\/wp-json\/wp\/v2\/types\/page"}],"author":[{"embeddable":true,"href":"https:\/\/kuenstlervermittlung-berlin.h35.io\/en\/wp-json\/wp\/v2\/users\/7"}],"replies":[{"embeddable":true,"href":"https:\/\/kuenstlervermittlung-berlin.h35.io\/en\/wp-json\/wp\/v2\/comments?post=16482"}],"version-history":[{"count":6,"href":"https:\/\/kuenstlervermittlung-berlin.h35.io\/en\/wp-json\/wp\/v2\/pages\/16482\/revisions"}],"predecessor-version":[{"id":22496,"href":"https:\/\/kuenstlervermittlung-berlin.h35.io\/en\/wp-json\/wp\/v2\/pages\/16482\/revisions\/22496"}],"wp:featuredmedia":[{"embeddable":true,"href":"https:\/\/kuenstlervermittlung-berlin.h35.io\/en\/wp-json\/wp\/v2\/media\/15299"}],"wp:attachment":[{"href":"https:\/\/kuenstlervermittlung-berlin.h35.io\/en\/wp-json\/wp\/v2\/media?parent=16482"}],"curies":[{"name":"wp","href":"https:\/\/api.w.org\/{rel}","templated":true}]}}