{"id":16484,"date":"2021-10-05T17:47:46","date_gmt":"2021-10-05T15:47:46","guid":{"rendered":"https:\/\/www.kuenstlervermittlung-berlin.com\/new\/flying-saxophone-show\/"},"modified":"2025-08-26T17:09:40","modified_gmt":"2025-08-26T15:09:40","slug":"flying-saxophone-show","status":"publish","type":"page","link":"https:\/\/kuenstlervermittlung-berlin.h35.io\/en\/flying-saxophone-show\/","title":{"rendered":"Flying Saxophone Show"},"content":{"rendered":"\t\t<div data-elementor-type=\"wp-page\" data-elementor-id=\"16484\" class=\"elementor elementor-16484 elementor-9649\" data-elementor-post-type=\"page\">\n\t\t\t\t\t\t<section class=\"elementor-section elementor-top-section elementor-element elementor-element-855750d elementor-section-full_width elementor-section-height-default elementor-section-height-default\" data-id=\"855750d\" data-element_type=\"section\" data-settings=\"{&quot;background_background&quot;:&quot;classic&quot;,&quot;shape_divider_bottom&quot;:&quot;tilt&quot;}\">\n\t\t\t\t\t<div class=\"elementor-shape elementor-shape-bottom\" aria-hidden=\"true\" data-negative=\"false\">\n\t\t\t<svg xmlns=\"http:\/\/www.w3.org\/2000\/svg\" viewBox=\"0 0 1000 100\" preserveAspectRatio=\"none\">\n\t<path class=\"elementor-shape-fill\" d=\"M0,6V0h1000v100L0,6z\"\/>\n<\/svg>\t\t<\/div>\n\t\t\t\t\t<div class=\"elementor-container elementor-column-gap-default\">\n\t\t\t\t\t<div class=\"elementor-column elementor-col-100 elementor-top-column elementor-element elementor-element-7adddb8\" data-id=\"7adddb8\" data-element_type=\"column\" data-settings=\"{&quot;background_background&quot;:&quot;classic&quot;}\">\n\t\t\t<div class=\"elementor-widget-wrap elementor-element-populated\">\n\t\t\t\t\t\t<div class=\"elementor-element elementor-element-9c18656 dce_masking-none elementor-widget elementor-widget-image\" data-id=\"9c18656\" data-element_type=\"widget\" data-widget_type=\"image.default\">\n\t\t\t\t<div class=\"elementor-widget-container\">\n\t\t\t\t\t\t\t\t\t\t\t\t\t\t\t<img fetchpriority=\"high\" decoding=\"async\" width=\"689\" height=\"459\" src=\"https:\/\/kuenstlervermittlung-berlin.h35.io\/wp-content\/uploads\/2021\/07\/vertical-saxophon-fliegendjpg..jpg\" class=\"attachment-large size-large wp-image-15324\" alt=\"Flying Saxophonistin spielt \u00fcber den K\u00f6pfen der G\u00e4ste im Wasserwerk Berlin \u2013 spektakul\u00e4rer Showact mit Partystimmung\" srcset=\"https:\/\/kuenstlervermittlung-berlin.h35.io\/wp-content\/uploads\/2021\/07\/vertical-saxophon-fliegendjpg..jpg 689w, https:\/\/kuenstlervermittlung-berlin.h35.io\/wp-content\/uploads\/2021\/07\/vertical-saxophon-fliegendjpg.-300x200.jpg 300w\" sizes=\"(max-width: 689px) 100vw, 689px\" \/>\t\t\t\t\t\t\t\t\t\t\t\t\t\t\t<\/div>\n\t\t\t\t<\/div>\n\t\t\t\t\t<\/div>\n\t\t<\/div>\n\t\t\t\t\t<\/div>\n\t\t<\/section>\n\t\t\t\t<section class=\"elementor-section elementor-top-section elementor-element elementor-element-cd72ec8 elementor-section-boxed elementor-section-height-default elementor-section-height-default\" data-id=\"cd72ec8\" data-element_type=\"section\">\n\t\t\t\t\t\t<div class=\"elementor-container elementor-column-gap-default\">\n\t\t\t\t\t<div class=\"elementor-column elementor-col-100 elementor-top-column elementor-element elementor-element-39dd952\" data-id=\"39dd952\" data-element_type=\"column\">\n\t\t\t<div class=\"elementor-widget-wrap elementor-element-populated\">\n\t\t\t\t\t\t<div class=\"elementor-element elementor-element-8964090 elementor-widget elementor-widget-heading\" data-id=\"8964090\" data-element_type=\"widget\" data-widget_type=\"heading.default\">\n\t\t\t\t<div class=\"elementor-widget-container\">\n\t\t\t\t\t<h1 class=\"elementor-heading-title elementor-size-large\">Flying saxophone show<\/h1>\t\t\t\t<\/div>\n\t\t\t\t<\/div>\n\t\t\t\t<div class=\"elementor-element elementor-element-0adf0d1 elementor-widget elementor-widget-text-editor\" data-id=\"0adf0d1\" data-element_type=\"widget\" data-widget_type=\"text-editor.default\">\n\t\t\t\t<div class=\"elementor-widget-container\">\n\t\t\t\t\t\t\t\t\t<b>Saxophonist with Vertical Dance acrobatics.<\/b> Once again we could inspire our customers with our unique Vertical &#8211; Flying Saxophone Show. Live in 15 m height this saxophonist plays at your gala. In airy heights, she lets herself play abseiling vertical-saxophonshow. This show was developed by us for the waterworks years ago and expanded 200 international guests we could inspire with our cross-over elements of jazz and pop music. Vertical dance saxophone shows can play on the walls of houses and be accompanied by imaginative aerial acrobats..\t\t\t\t\t\t\t\t<\/div>\n\t\t\t\t<\/div>\n\t\t\t\t<div class=\"elementor-element elementor-element-f801b34 elementor-align-center elementor-widget elementor-widget-button\" data-id=\"f801b34\" data-element_type=\"widget\" data-widget_type=\"button.default\">\n\t\t\t\t<div class=\"elementor-widget-container\">\n\t\t\t\t\t\t\t\t\t<div class=\"elementor-button-wrapper\">\n\t\t\t\t\t<a class=\"elementor-button elementor-button-link elementor-size-sm\" href=\"#\">\n\t\t\t\t\t\t<span class=\"elementor-button-content-wrapper\">\n\t\t\t\t\t\t\t\t\t<span class=\"elementor-button-text\">Request now<\/span>\n\t\t\t\t\t<\/span>\n\t\t\t\t\t<\/a>\n\t\t\t\t<\/div>\n\t\t\t\t\t\t\t\t<\/div>\n\t\t\t\t<\/div>\n\t\t\t\t\t<\/div>\n\t\t<\/div>\n\t\t\t\t\t<\/div>\n\t\t<\/section>\n\t\t\t\t<section class=\"elementor-section elementor-top-section elementor-element elementor-element-49162df elementor-section-boxed elementor-section-height-default elementor-section-height-default\" data-id=\"49162df\" data-element_type=\"section\">\n\t\t\t\t\t\t<div class=\"elementor-container elementor-column-gap-default\">\n\t\t\t\t\t<div class=\"elementor-column elementor-col-33 elementor-top-column elementor-element elementor-element-838c3f7\" data-id=\"838c3f7\" data-element_type=\"column\">\n\t\t\t<div class=\"elementor-widget-wrap elementor-element-populated\">\n\t\t\t\t\t\t<div class=\"elementor-element elementor-element-dedab66 dce_masking-none elementor-widget elementor-widget-image\" data-id=\"dedab66\" data-element_type=\"widget\" data-widget_type=\"image.default\">\n\t\t\t\t<div class=\"elementor-widget-container\">\n\t\t\t\t\t\t\t\t\t\t\t\t<figure class=\"wp-caption\">\n\t\t\t\t\t\t\t\t\t\t\t<a href=\"http:\/\/www.kuenstlervermittlung-berlin.com\">\n\t\t\t\t\t\t\t<img decoding=\"async\" width=\"300\" height=\"198\" src=\"https:\/\/kuenstlervermittlung-berlin.h35.io\/wp-content\/uploads\/2021\/07\/vertical-dance-drumming-300x198..jpg\" class=\"attachment-medium size-medium wp-image-15325\" alt=\"VERTICAL DANCE AKROBATIK\u200b\" \/>\t\t\t\t\t\t\t\t<\/a>\n\t\t\t\t\t\t\t\t\t\t\t<figcaption class=\"widget-image-caption wp-caption-text\">Vertikaler Show-Flying-Show <\/figcaption>\n\t\t\t\t\t\t\t\t\t\t<\/figure>\n\t\t\t\t\t\t\t\t\t<\/div>\n\t\t\t\t<\/div>\n\t\t\t\t\t<\/div>\n\t\t<\/div>\n\t\t\t\t<div class=\"elementor-column elementor-col-66 elementor-top-column elementor-element elementor-element-c0eb261\" data-id=\"c0eb261\" data-element_type=\"column\">\n\t\t\t<div class=\"elementor-widget-wrap elementor-element-populated\">\n\t\t\t\t\t\t<div class=\"elementor-element elementor-element-6ba0e99 elementor-widget elementor-widget-heading\" data-id=\"6ba0e99\" data-element_type=\"widget\" data-widget_type=\"heading.default\">\n\t\t\t\t<div class=\"elementor-widget-container\">\n\t\t\t\t\t<h2 class=\"elementor-heading-title elementor-size-large\">Vertical dance acrobatics<\/h2>\t\t\t\t<\/div>\n\t\t\t\t<\/div>\n\t\t\t\t<div class=\"elementor-element elementor-element-81ac56c elementor-widget elementor-widget-text-editor\" data-id=\"81ac56c\" data-element_type=\"widget\" data-widget_type=\"text-editor.default\">\n\t\t\t\t<div class=\"elementor-widget-container\">\n\t\t\t\t\t\t\t\t\tWhether <strong>Saxophonists<\/strong>, <strong>Violinists<\/strong> or <strong>LED Drummer<\/strong> everything is vertical flying possible. Costumes like from James Bond movies, Cabaret style or LED costumes versatile are Vertical Saxophonistinnen for every occasion. Continuously Kuenstlervermittlung-Berlin expands this show with new techniques and music. Captivating music forms a spectacular catwalk-like Vertical Show &#8211; sophisticated and perceptive not feasible in every location, as hanging points and rappelling points, are necessary as in the Wasserwerk Berlin .\t\t\t\t\t\t\t\t<\/div>\n\t\t\t\t<\/div>\n\t\t\t\t\t<\/div>\n\t\t<\/div>\n\t\t\t\t\t<\/div>\n\t\t<\/section>\n\t\t\t\t<section class=\"elementor-section elementor-top-section elementor-element elementor-element-816e179 elementor-section-boxed elementor-section-height-default elementor-section-height-default\" data-id=\"816e179\" data-element_type=\"section\">\n\t\t\t\t\t\t<div class=\"elementor-container elementor-column-gap-default\">\n\t\t\t\t\t<div class=\"elementor-column elementor-col-66 elementor-top-column elementor-element elementor-element-1855218\" data-id=\"1855218\" data-element_type=\"column\">\n\t\t\t<div class=\"elementor-widget-wrap elementor-element-populated\">\n\t\t\t\t\t\t<div class=\"elementor-element elementor-element-ffed473 elementor-widget elementor-widget-heading\" data-id=\"ffed473\" data-element_type=\"widget\" data-widget_type=\"heading.default\">\n\t\t\t\t<div class=\"elementor-widget-container\">\n\t\t\t\t\t<h3 class=\"elementor-heading-title elementor-size-large\">vertical saxophone showflying saxophonist<\/h3>\t\t\t\t<\/div>\n\t\t\t\t<\/div>\n\t\t\t\t<div class=\"elementor-element elementor-element-cfb218f elementor-widget elementor-widget-text-editor\" data-id=\"cfb218f\" data-element_type=\"widget\" data-widget_type=\"text-editor.default\">\n\t\t\t\t<div class=\"elementor-widget-container\">\n\t\t\t\t\t\t\t\t\t<b>The flying musicians<\/b> can combine different instruments and integrate them vertically into a show. Whether they play as vertical musicians abseiling or strolling on a wall as in a cat walk down the wall. Special technology enables fast flights on the walls of houses and above the heads of the guests. An unforgettable aerial acrobatics as a crossover show from jazz music to party atmosphere.\t\t\t\t\t\t\t\t<\/div>\n\t\t\t\t<\/div>\n\t\t\t\t<div class=\"elementor-element elementor-element-e3910ff elementor-align-center elementor-widget elementor-widget-button\" data-id=\"e3910ff\" data-element_type=\"widget\" data-widget_type=\"button.default\">\n\t\t\t\t<div class=\"elementor-widget-container\">\n\t\t\t\t\t\t\t\t\t<div class=\"elementor-button-wrapper\">\n\t\t\t\t\t<a class=\"elementor-button elementor-button-link elementor-size-sm\" href=\"#\">\n\t\t\t\t\t\t<span class=\"elementor-button-content-wrapper\">\n\t\t\t\t\t\t\t\t\t<span class=\"elementor-button-text\">Request now<\/span>\n\t\t\t\t\t<\/span>\n\t\t\t\t\t<\/a>\n\t\t\t\t<\/div>\n\t\t\t\t\t\t\t\t<\/div>\n\t\t\t\t<\/div>\n\t\t\t\t\t<\/div>\n\t\t<\/div>\n\t\t\t\t<div class=\"elementor-column elementor-col-33 elementor-top-column elementor-element elementor-element-af9bda6\" data-id=\"af9bda6\" data-element_type=\"column\">\n\t\t\t<div class=\"elementor-widget-wrap elementor-element-populated\">\n\t\t\t\t\t\t<div class=\"elementor-element elementor-element-f51a4bd dce_masking-none elementor-widget elementor-widget-image\" data-id=\"f51a4bd\" data-element_type=\"widget\" data-widget_type=\"image.default\">\n\t\t\t\t<div class=\"elementor-widget-container\">\n\t\t\t\t\t\t\t\t\t\t\t\t<figure class=\"wp-caption\">\n\t\t\t\t\t\t\t\t\t\t\t<a href=\"https:\/\/wasserwerk-berlin.de\/\">\n\t\t\t\t\t\t\t<img decoding=\"async\" width=\"600\" height=\"403\" src=\"https:\/\/kuenstlervermittlung-berlin.h35.io\/wp-content\/uploads\/2021\/07\/uVh4r.jpg\" class=\"attachment-large size-large wp-image-15326\" alt=\"FLIEGENDE SAXOPHONISTIN\" srcset=\"https:\/\/kuenstlervermittlung-berlin.h35.io\/wp-content\/uploads\/2021\/07\/uVh4r.jpg 600w, https:\/\/kuenstlervermittlung-berlin.h35.io\/wp-content\/uploads\/2021\/07\/uVh4r-300x202.jpg 300w\" sizes=\"(max-width: 600px) 100vw, 600px\" \/>\t\t\t\t\t\t\t\t<\/a>\n\t\t\t\t\t\t\t\t\t\t\t<figcaption class=\"widget-image-caption wp-caption-text\">Flying-Saxophonshow-Wasserwerk-Berlin<\/figcaption>\n\t\t\t\t\t\t\t\t\t\t<\/figure>\n\t\t\t\t\t\t\t\t\t<\/div>\n\t\t\t\t<\/div>\n\t\t\t\t\t<\/div>\n\t\t<\/div>\n\t\t\t\t\t<\/div>\n\t\t<\/section>\n\t\t\t\t<\/div>\n\t\t","protected":false},"excerpt":{"rendered":"<p>Flying saxophone show Saxophonist with Vertical Dance acrobatics. Once again we could inspire our customers with our unique Vertical &#8211; Flying Saxophone Show. Live in 15 m height this saxophonist plays at your gala. In airy heights, she lets herself play abseiling vertical-saxophonshow. This show was developed by us for the waterworks years ago and [&hellip;]<\/p>\n","protected":false},"author":7,"featured_media":15299,"parent":0,"menu_order":0,"comment_status":"closed","ping_status":"closed","template":"","meta":{"_acf_changed":false,"footnotes":""},"class_list":["post-16484","page","type-page","status-publish","has-post-thumbnail","hentry"],"acf":[],"yoast_head":"<!-- This site is optimized with the Yoast SEO Premium plugin v26.0 (Yoast SEO v26.2) - https:\/\/yoast.com\/wordpress\/plugins\/seo\/ -->\n<title>Spectacular vertical dance saxophone show %<\/title>\n<meta name=\"description\" content=\"Flying Saxophone Show - Saxophone played live at lofty heights as an aerial acrobatics show and vertical dance show.\" \/>\n<meta name=\"robots\" content=\"noindex, follow, max-snippet:-1, max-image-preview:large, max-video-preview:-1\" \/>\n<meta property=\"og:locale\" content=\"en_US\" \/>\n<meta property=\"og:type\" content=\"article\" \/>\n<meta property=\"og:title\" content=\"Flying Saxophone Show\" \/>\n<meta property=\"og:description\" content=\"Flying Saxophone Show - Saxophone played live at lofty heights as an aerial acrobatics show and vertical dance show.\" \/>\n<meta property=\"og:url\" content=\"https:\/\/kuenstlervermittlung-berlin.h35.io\/en\/flying-saxophone-show\/\" \/>\n<meta property=\"og:site_name\" content=\"Artist Agency Berlin\" \/>\n<meta property=\"article:publisher\" content=\"https:\/\/www.facebook.com\/FoeldessyEntertainment.GmbH\/\" \/>\n<meta property=\"article:modified_time\" content=\"2025-08-26T15:09:40+00:00\" \/>\n<meta property=\"og:image\" content=\"https:\/\/kuenstlervermittlung-berlin.h35.io\/wp-content\/uploads\/2021\/07\/sprungakrobatik..jpg\" \/>\n\t<meta property=\"og:image:width\" content=\"250\" \/>\n\t<meta property=\"og:image:height\" content=\"102\" \/>\n\t<meta property=\"og:image:type\" content=\"image\/jpeg\" \/>\n<meta name=\"twitter:card\" content=\"summary_large_image\" \/>\n<meta name=\"twitter:label1\" content=\"Est. reading time\" \/>\n\t<meta name=\"twitter:data1\" content=\"1 minute\" \/>\n<script type=\"application\/ld+json\" class=\"yoast-schema-graph\">{\"@context\":\"https:\/\/schema.org\",\"@graph\":[{\"@type\":\"WebPage\",\"@id\":\"https:\/\/kuenstlervermittlung-berlin.h35.io\/en\/flying-saxophone-show\/\",\"url\":\"https:\/\/kuenstlervermittlung-berlin.h35.io\/en\/flying-saxophone-show\/\",\"name\":\"Spectacular vertical dance saxophone show %\",\"isPartOf\":{\"@id\":\"https:\/\/kuenstlervermittlung-berlin.h35.io\/en\/#website\"},\"primaryImageOfPage\":{\"@id\":\"https:\/\/kuenstlervermittlung-berlin.h35.io\/en\/flying-saxophone-show\/#primaryimage\"},\"image\":{\"@id\":\"https:\/\/kuenstlervermittlung-berlin.h35.io\/en\/flying-saxophone-show\/#primaryimage\"},\"thumbnailUrl\":\"https:\/\/kuenstlervermittlung-berlin.h35.io\/wp-content\/uploads\/2021\/07\/sprungakrobatik..jpg\",\"datePublished\":\"2021-10-05T15:47:46+00:00\",\"dateModified\":\"2025-08-26T15:09:40+00:00\",\"description\":\"Flying Saxophone Show - Saxophone played live at lofty heights as an aerial acrobatics show and vertical dance show.\",\"breadcrumb\":{\"@id\":\"https:\/\/kuenstlervermittlung-berlin.h35.io\/en\/flying-saxophone-show\/#breadcrumb\"},\"inLanguage\":\"en-US\",\"potentialAction\":[{\"@type\":\"ReadAction\",\"target\":[\"https:\/\/kuenstlervermittlung-berlin.h35.io\/en\/flying-saxophone-show\/\"]}]},{\"@type\":\"ImageObject\",\"inLanguage\":\"en-US\",\"@id\":\"https:\/\/kuenstlervermittlung-berlin.h35.io\/en\/flying-saxophone-show\/#primaryimage\",\"url\":\"https:\/\/kuenstlervermittlung-berlin.h35.io\/wp-content\/uploads\/2021\/07\/sprungakrobatik..jpg\",\"contentUrl\":\"https:\/\/kuenstlervermittlung-berlin.h35.io\/wp-content\/uploads\/2021\/07\/sprungakrobatik..jpg\",\"width\":250,\"height\":102,\"caption\":\"Jumping acrobats perform a show with synchronized body movements\"},{\"@type\":\"BreadcrumbList\",\"@id\":\"https:\/\/kuenstlervermittlung-berlin.h35.io\/en\/flying-saxophone-show\/#breadcrumb\",\"itemListElement\":[{\"@type\":\"ListItem\",\"position\":1,\"name\":\"Startseite\",\"item\":\"https:\/\/kuenstlervermittlung-berlin.h35.io\/en\/\"},{\"@type\":\"ListItem\",\"position\":2,\"name\":\"Flying Saxophone Show\"}]},{\"@type\":\"WebSite\",\"@id\":\"https:\/\/kuenstlervermittlung-berlin.h35.io\/en\/#website\",\"url\":\"https:\/\/kuenstlervermittlung-berlin.h35.io\/en\/\",\"name\":\"K\u00fcnstlervermittlung Berlin\",\"description\":\"book artists and musicians\",\"publisher\":{\"@id\":\"https:\/\/kuenstlervermittlung-berlin.h35.io\/en\/#organization\"},\"alternateName\":\"KB\",\"potentialAction\":[{\"@type\":\"SearchAction\",\"target\":{\"@type\":\"EntryPoint\",\"urlTemplate\":\"https:\/\/kuenstlervermittlung-berlin.h35.io\/en\/?s={search_term_string}\"},\"query-input\":{\"@type\":\"PropertyValueSpecification\",\"valueRequired\":true,\"valueName\":\"search_term_string\"}}],\"inLanguage\":\"en-US\"},{\"@type\":\"Organization\",\"@id\":\"https:\/\/kuenstlervermittlung-berlin.h35.io\/en\/#organization\",\"name\":\"Kuenstleragentur-Berlin\",\"alternateName\":\"Kuenstlervermittlung-Berlin\",\"url\":\"https:\/\/kuenstlervermittlung-berlin.h35.io\/en\/\",\"logo\":{\"@type\":\"ImageObject\",\"inLanguage\":\"en-US\",\"@id\":\"https:\/\/kuenstlervermittlung-berlin.h35.io\/en\/#\/schema\/logo\/image\/\",\"url\":\"https:\/\/kuenstlervermittlung-berlin.h35.io\/wp-content\/uploads\/2024\/02\/partybands-Berlin-kuenstlervermittlung-berlin.jpg\",\"contentUrl\":\"https:\/\/kuenstlervermittlung-berlin.h35.io\/wp-content\/uploads\/2024\/02\/partybands-Berlin-kuenstlervermittlung-berlin.jpg\",\"width\":1600,\"height\":814,\"caption\":\"Kuenstleragentur-Berlin\"},\"image\":{\"@id\":\"https:\/\/kuenstlervermittlung-berlin.h35.io\/en\/#\/schema\/logo\/image\/\"},\"sameAs\":[\"https:\/\/www.facebook.com\/FoeldessyEntertainment.GmbH\/\",\"https:\/\/www.instagram.com\/ariadnefoeldessy\/\",\"https:\/\/www.linkedin.com\/in\/ariadne-f\u00f6ldessy-12a23029\/\"],\"description\":\"Kuenstlervermittlung-Berlin wir organisieren Veranstaltungen in ganz Deutschland und Europa. Wir vermitteln Musiker, Artisten, Showakrobaten, Partybdans, Jazzbands, Lounge-Bands,Chill-out-bands, 20er Jahre Shows, Vintage-Shows, Great Gatsby-Shows , Street-Style-Shows, LED-Shows, Bayrische Bands, Oktoberfestband, Jazzbands, DJ, Djane, Comedy K\u00fcnstler, A Capella K\u00fcnstler f\u00fcr Firmenevents, MItarbeiterpartys, Cocktailempfang, Gebutstagsfeiern, Hochzeiten, internationale Kongresse, Messepartys und Messeshows.\",\"email\":\"show@show.gmbh\",\"telephone\":\"+4933203820910\",\"legalName\":\"GmbH\",\"foundingDate\":\"1997-09-18\",\"vatID\":\"DE177317523\",\"taxID\":\"46\/105\/05150\",\"numberOfEmployees\":{\"@type\":\"QuantitativeValue\",\"minValue\":\"1\",\"maxValue\":\"10\"}}]}<\/script>\n<!-- \/ Yoast SEO Premium plugin. -->","yoast_head_json":{"title":"Spectacular vertical dance saxophone show %","description":"Flying Saxophone Show - Saxophone played live at lofty heights as an aerial acrobatics show and vertical dance show.","robots":{"index":"noindex","follow":"follow","max-snippet":"max-snippet:-1","max-image-preview":"max-image-preview:large","max-video-preview":"max-video-preview:-1"},"og_locale":"en_US","og_type":"article","og_title":"Flying Saxophone Show","og_description":"Flying Saxophone Show - Saxophone played live at lofty heights as an aerial acrobatics show and vertical dance show.","og_url":"https:\/\/kuenstlervermittlung-berlin.h35.io\/en\/flying-saxophone-show\/","og_site_name":"Artist Agency Berlin","article_publisher":"https:\/\/www.facebook.com\/FoeldessyEntertainment.GmbH\/","article_modified_time":"2025-08-26T15:09:40+00:00","og_image":[{"width":250,"height":102,"url":"https:\/\/kuenstlervermittlung-berlin.h35.io\/wp-content\/uploads\/2021\/07\/sprungakrobatik..jpg","type":"image\/jpeg"}],"twitter_card":"summary_large_image","twitter_misc":{"Est. reading time":"1 minute"},"schema":{"@context":"https:\/\/schema.org","@graph":[{"@type":"WebPage","@id":"https:\/\/kuenstlervermittlung-berlin.h35.io\/en\/flying-saxophone-show\/","url":"https:\/\/kuenstlervermittlung-berlin.h35.io\/en\/flying-saxophone-show\/","name":"Spectacular vertical dance saxophone show %","isPartOf":{"@id":"https:\/\/kuenstlervermittlung-berlin.h35.io\/en\/#website"},"primaryImageOfPage":{"@id":"https:\/\/kuenstlervermittlung-berlin.h35.io\/en\/flying-saxophone-show\/#primaryimage"},"image":{"@id":"https:\/\/kuenstlervermittlung-berlin.h35.io\/en\/flying-saxophone-show\/#primaryimage"},"thumbnailUrl":"https:\/\/kuenstlervermittlung-berlin.h35.io\/wp-content\/uploads\/2021\/07\/sprungakrobatik..jpg","datePublished":"2021-10-05T15:47:46+00:00","dateModified":"2025-08-26T15:09:40+00:00","description":"Flying Saxophone Show - Saxophone played live at lofty heights as an aerial acrobatics show and vertical dance show.","breadcrumb":{"@id":"https:\/\/kuenstlervermittlung-berlin.h35.io\/en\/flying-saxophone-show\/#breadcrumb"},"inLanguage":"en-US","potentialAction":[{"@type":"ReadAction","target":["https:\/\/kuenstlervermittlung-berlin.h35.io\/en\/flying-saxophone-show\/"]}]},{"@type":"ImageObject","inLanguage":"en-US","@id":"https:\/\/kuenstlervermittlung-berlin.h35.io\/en\/flying-saxophone-show\/#primaryimage","url":"https:\/\/kuenstlervermittlung-berlin.h35.io\/wp-content\/uploads\/2021\/07\/sprungakrobatik..jpg","contentUrl":"https:\/\/kuenstlervermittlung-berlin.h35.io\/wp-content\/uploads\/2021\/07\/sprungakrobatik..jpg","width":250,"height":102,"caption":"Jumping acrobats perform a show with synchronized body movements"},{"@type":"BreadcrumbList","@id":"https:\/\/kuenstlervermittlung-berlin.h35.io\/en\/flying-saxophone-show\/#breadcrumb","itemListElement":[{"@type":"ListItem","position":1,"name":"Startseite","item":"https:\/\/kuenstlervermittlung-berlin.h35.io\/en\/"},{"@type":"ListItem","position":2,"name":"Flying Saxophone Show"}]},{"@type":"WebSite","@id":"https:\/\/kuenstlervermittlung-berlin.h35.io\/en\/#website","url":"https:\/\/kuenstlervermittlung-berlin.h35.io\/en\/","name":"K\u00fcnstlervermittlung Berlin","description":"book artists and musicians","publisher":{"@id":"https:\/\/kuenstlervermittlung-berlin.h35.io\/en\/#organization"},"alternateName":"KB","potentialAction":[{"@type":"SearchAction","target":{"@type":"EntryPoint","urlTemplate":"https:\/\/kuenstlervermittlung-berlin.h35.io\/en\/?s={search_term_string}"},"query-input":{"@type":"PropertyValueSpecification","valueRequired":true,"valueName":"search_term_string"}}],"inLanguage":"en-US"},{"@type":"Organization","@id":"https:\/\/kuenstlervermittlung-berlin.h35.io\/en\/#organization","name":"Kuenstleragentur-Berlin","alternateName":"Kuenstlervermittlung-Berlin","url":"https:\/\/kuenstlervermittlung-berlin.h35.io\/en\/","logo":{"@type":"ImageObject","inLanguage":"en-US","@id":"https:\/\/kuenstlervermittlung-berlin.h35.io\/en\/#\/schema\/logo\/image\/","url":"https:\/\/kuenstlervermittlung-berlin.h35.io\/wp-content\/uploads\/2024\/02\/partybands-Berlin-kuenstlervermittlung-berlin.jpg","contentUrl":"https:\/\/kuenstlervermittlung-berlin.h35.io\/wp-content\/uploads\/2024\/02\/partybands-Berlin-kuenstlervermittlung-berlin.jpg","width":1600,"height":814,"caption":"Kuenstleragentur-Berlin"},"image":{"@id":"https:\/\/kuenstlervermittlung-berlin.h35.io\/en\/#\/schema\/logo\/image\/"},"sameAs":["https:\/\/www.facebook.com\/FoeldessyEntertainment.GmbH\/","https:\/\/www.instagram.com\/ariadnefoeldessy\/","https:\/\/www.linkedin.com\/in\/ariadne-f\u00f6ldessy-12a23029\/"],"description":"Kuenstlervermittlung-Berlin wir organisieren Veranstaltungen in ganz Deutschland und Europa. Wir vermitteln Musiker, Artisten, Showakrobaten, Partybdans, Jazzbands, Lounge-Bands,Chill-out-bands, 20er Jahre Shows, Vintage-Shows, Great Gatsby-Shows , Street-Style-Shows, LED-Shows, Bayrische Bands, Oktoberfestband, Jazzbands, DJ, Djane, Comedy K\u00fcnstler, A Capella K\u00fcnstler f\u00fcr Firmenevents, MItarbeiterpartys, Cocktailempfang, Gebutstagsfeiern, Hochzeiten, internationale Kongresse, Messepartys und Messeshows.","email":"show@show.gmbh","telephone":"+4933203820910","legalName":"GmbH","foundingDate":"1997-09-18","vatID":"DE177317523","taxID":"46\/105\/05150","numberOfEmployees":{"@type":"QuantitativeValue","minValue":"1","maxValue":"10"}}]}},"_links":{"self":[{"href":"https:\/\/kuenstlervermittlung-berlin.h35.io\/en\/wp-json\/wp\/v2\/pages\/16484","targetHints":{"allow":["GET"]}}],"collection":[{"href":"https:\/\/kuenstlervermittlung-berlin.h35.io\/en\/wp-json\/wp\/v2\/pages"}],"about":[{"href":"https:\/\/kuenstlervermittlung-berlin.h35.io\/en\/wp-json\/wp\/v2\/types\/page"}],"author":[{"embeddable":true,"href":"https:\/\/kuenstlervermittlung-berlin.h35.io\/en\/wp-json\/wp\/v2\/users\/7"}],"replies":[{"embeddable":true,"href":"https:\/\/kuenstlervermittlung-berlin.h35.io\/en\/wp-json\/wp\/v2\/comments?post=16484"}],"version-history":[{"count":6,"href":"https:\/\/kuenstlervermittlung-berlin.h35.io\/en\/wp-json\/wp\/v2\/pages\/16484\/revisions"}],"predecessor-version":[{"id":26755,"href":"https:\/\/kuenstlervermittlung-berlin.h35.io\/en\/wp-json\/wp\/v2\/pages\/16484\/revisions\/26755"}],"wp:featuredmedia":[{"embeddable":true,"href":"https:\/\/kuenstlervermittlung-berlin.h35.io\/en\/wp-json\/wp\/v2\/media\/15299"}],"wp:attachment":[{"href":"https:\/\/kuenstlervermittlung-berlin.h35.io\/en\/wp-json\/wp\/v2\/media?parent=16484"}],"curies":[{"name":"wp","href":"https:\/\/api.w.org\/{rel}","templated":true}]}}