{"id":16613,"date":"2021-10-07T14:55:52","date_gmt":"2021-10-07T12:55:52","guid":{"rendered":"https:\/\/www.kuenstlervermittlung-berlin.com\/new\/book-dj-book-djane\/"},"modified":"2022-01-24T19:08:53","modified_gmt":"2022-01-24T18:08:53","slug":"book-dj-book-djane","status":"publish","type":"page","link":"https:\/\/kuenstlervermittlung-berlin.h35.io\/en\/book-dj-book-djane\/","title":{"rendered":"Book DJ Book DJane"},"content":{"rendered":"\t\t<div data-elementor-type=\"wp-page\" data-elementor-id=\"16613\" class=\"elementor elementor-16613 elementor-1637\" data-elementor-post-type=\"page\">\n\t\t\t\t\t\t<section class=\"elementor-section elementor-top-section elementor-element elementor-element-a2e44c1 elementor-section-full_width elementor-section-height-min-height elementor-section-height-default elementor-section-items-middle\" data-id=\"a2e44c1\" data-element_type=\"section\" data-settings=\"{&quot;background_background&quot;:&quot;slideshow&quot;,&quot;background_slideshow_gallery&quot;:[{&quot;id&quot;:1977,&quot;url&quot;:&quot;https:\\\/\\\/kuenstlervermittlung-berlin.h35.io\\\/wp-content\\\/uploads\\\/2021\\\/04\\\/Percission-live-DJ.jpg&quot;},{&quot;id&quot;:1974,&quot;url&quot;:&quot;https:\\\/\\\/kuenstlervermittlung-berlin.h35.io\\\/wp-content\\\/uploads\\\/2021\\\/04\\\/Event-DJ-Corporate-venues-company-events.jpg&quot;},{&quot;id&quot;:1964,&quot;url&quot;:&quot;https:\\\/\\\/kuenstlervermittlung-berlin.h35.io\\\/wp-content\\\/uploads\\\/2021\\\/04\\\/Club-DJANE-BERLIN-HOUSE-CHART-Hits-EVENTS-1.jpg&quot;},{&quot;id&quot;:1962,&quot;url&quot;:&quot;https:\\\/\\\/kuenstlervermittlung-berlin.h35.io\\\/wp-content\\\/uploads\\\/2021\\\/04\\\/Club-DJANE-Germany-6-1.jpg&quot;},{&quot;id&quot;:1944,&quot;url&quot;:&quot;https:\\\/\\\/kuenstlervermittlung-berlin.h35.io\\\/wp-content\\\/uploads\\\/2021\\\/04\\\/DJ-Club-IBIZA.jpeg&quot;},{&quot;id&quot;:1978,&quot;url&quot;:&quot;https:\\\/\\\/kuenstlervermittlung-berlin.h35.io\\\/wp-content\\\/uploads\\\/2021\\\/04\\\/DJ-Saxophon-drums.jpg&quot;},{&quot;id&quot;:1937,&quot;url&quot;:&quot;https:\\\/\\\/kuenstlervermittlung-berlin.h35.io\\\/wp-content\\\/uploads\\\/2021\\\/04\\\/Event-DJ-Berlin.jpg&quot;},{&quot;id&quot;:1948,&quot;url&quot;:&quot;https:\\\/\\\/kuenstlervermittlung-berlin.h35.io\\\/wp-content\\\/uploads\\\/2021\\\/04\\\/Club-DH-Corporate-Events-own-remix.jpg&quot;},{&quot;id&quot;:1936,&quot;url&quot;:&quot;https:\\\/\\\/kuenstlervermittlung-berlin.h35.io\\\/wp-content\\\/uploads\\\/2021\\\/04\\\/DJANE-ENTERTAINMENT-Germany.jpg&quot;}],&quot;background_slideshow_slide_transition&quot;:&quot;slide_right&quot;,&quot;background_slideshow_ken_burns&quot;:&quot;yes&quot;,&quot;background_slideshow_ken_burns_zoom_direction&quot;:&quot;out&quot;,&quot;background_slideshow_transition_duration&quot;:400,&quot;background_slideshow_loop&quot;:&quot;yes&quot;,&quot;background_slideshow_slide_duration&quot;:5000}\">\n\t\t\t\t\t\t\t<div class=\"elementor-background-overlay\"><\/div>\n\t\t\t\t\t\t\t<div class=\"elementor-container elementor-column-gap-default\">\n\t\t\t\t\t<div class=\"elementor-column elementor-col-100 elementor-top-column elementor-element elementor-element-6c31945\" data-id=\"6c31945\" data-element_type=\"column\">\n\t\t\t<div class=\"elementor-widget-wrap elementor-element-populated\">\n\t\t\t\t\t\t<div class=\"elementor-element elementor-element-00f87f9 elementor-widget elementor-widget-heading\" data-id=\"00f87f9\" data-element_type=\"widget\" data-widget_type=\"heading.default\">\n\t\t\t\t<div class=\"elementor-widget-container\">\n\t\t\t\t\t<h4 class=\"elementor-heading-title elementor-size-default\">DJ Berlin \/ DJs Buchen \/ DJane buchen\/ VJ Buchen-Live musician &amp; Band<\/h4>\t\t\t\t<\/div>\n\t\t\t\t<\/div>\n\t\t\t\t<div class=\"elementor-element elementor-element-ecdecf0 elementor-widget elementor-widget-heading\" data-id=\"ecdecf0\" data-element_type=\"widget\" data-widget_type=\"heading.default\">\n\t\t\t\t<div class=\"elementor-widget-container\">\n\t\t\t\t\t<h3 class=\"elementor-heading-title elementor-size-default\">DJ and DJANE<\/h3>\t\t\t\t<\/div>\n\t\t\t\t<\/div>\n\t\t\t\t<div class=\"elementor-element elementor-element-c2ab205 elementor-widget elementor-widget-text-editor\" data-id=\"c2ab205\" data-element_type=\"widget\" data-widget_type=\"text-editor.default\">\n\t\t\t\t<div class=\"elementor-widget-container\">\n\t\t\t\t\t\t\t\t\t<p>Event DJ &#8211; VIDEO DJ &#8211; Club DJ &#8211; DJANE with live band or show interludes from the singer to the e-violinist or saxophonist with club DJ<\/p>\n<p>.<\/p>\n\t\t\t\t\t\t\t\t<\/div>\n\t\t\t\t<\/div>\n\t\t\t\t\t<\/div>\n\t\t<\/div>\n\t\t\t\t\t<\/div>\n\t\t<\/section>\n\t\t\t\t<section class=\"elementor-section elementor-top-section elementor-element elementor-element-c421f79 elementor-section-boxed elementor-section-height-default elementor-section-height-default\" data-id=\"c421f79\" data-element_type=\"section\">\n\t\t\t\t\t\t<div class=\"elementor-container elementor-column-gap-default\">\n\t\t\t\t\t<div class=\"elementor-column elementor-col-100 elementor-top-column elementor-element elementor-element-b4f538f\" data-id=\"b4f538f\" data-element_type=\"column\">\n\t\t\t<div class=\"elementor-widget-wrap elementor-element-populated\">\n\t\t\t\t\t\t<div class=\"elementor-element elementor-element-6514d4c elementor-widget elementor-widget-heading\" data-id=\"6514d4c\" data-element_type=\"widget\" data-widget_type=\"heading.default\">\n\t\t\t\t<div class=\"elementor-widget-container\">\n\t\t\t\t\t<h2 class=\"elementor-heading-title elementor-size-default\">Book Event DJ - Book Fair DJ<\/h2>\t\t\t\t<\/div>\n\t\t\t\t<\/div>\n\t\t\t\t<div class=\"elementor-element elementor-element-1e31903 elementor-widget elementor-widget-text-editor\" data-id=\"1e31903\" data-element_type=\"widget\" data-widget_type=\"text-editor.default\">\n\t\t\t\t<div class=\"elementor-widget-container\">\n\t\t\t\t\t\t\t\t\t<p>Event DJ is a versatile DJ who prepares for his customers and takes into account the chart hits of the respective countries as well as the age and the professional world in the music selection and the theme of the event. An event DJ can react spontaneously to moods and desires and additionally coordinates with the client in advance. Event DJs explore the style and take into account unforeseen birthday music or congratulatory tushes or moods that spontaneously develop into a music direction. If suddenly everybody wants to listen to rock music a rock session will be inserted. If the customers want to hear house or club music, this is no problem for the EVENT DJ and the EVENT DJ accompanies the whole event. The CUSTOMER is KING.<\/p>\n\t\t\t\t\t\t\t\t<\/div>\n\t\t\t\t<\/div>\n\t\t\t\t\t<\/div>\n\t\t<\/div>\n\t\t\t\t\t<\/div>\n\t\t<\/section>\n\t\t\t\t<section class=\"elementor-section elementor-top-section elementor-element elementor-element-a11920a elementor-section-full_width elementor-section-height-default elementor-section-height-default\" data-id=\"a11920a\" data-element_type=\"section\">\n\t\t\t\t\t\t<div class=\"elementor-container elementor-column-gap-default\">\n\t\t\t\t\t<div class=\"elementor-column elementor-col-100 elementor-top-column elementor-element elementor-element-5ff324e\" data-id=\"5ff324e\" data-element_type=\"column\">\n\t\t\t<div class=\"elementor-widget-wrap elementor-element-populated\">\n\t\t\t\t\t\t<div class=\"elementor-element elementor-element-939162d elementor-widget elementor-widget-artist-post\" data-id=\"939162d\" data-element_type=\"widget\" data-widget_type=\"artist-post.default\">\n\t\t\t\t<div class=\"elementor-widget-container\">\n\t\t\t\t\t\n        <div class='parent'>\n                    <a href='https:\/\/kuenstlervermittlung-berlin.h35.io\/en\/kategorie\/%f0%9f%8e%b5-musikstile-fuer-events-livebands-jazz-klassik-mehr\/dj-djane-led-dj\/' class=\"elementor-column-wrap elementor-element-populated child rubriken-tilt make-column-clickable-elementor\">\n                <div\n                                     >\n                                                <div class='elementor-widget-wrap'>\n                                <h2 class='elementor-heading-title elementor-size-default'>\n                                    DJ-DJane-LED-DJ                                <\/h2>\n                            <\/div>\n                    <\/div>\n                <\/a>\n                        <a href='' class=\"elementor-column-wrap elementor-element-populated child rubriken-tilt make-column-clickable-elementor\">\n                <div\n                                     >\n                                                <div class='elementor-widget-wrap'>\n                                <h2 class='elementor-heading-title elementor-size-default'>\n                                                                    <\/h2>\n                            <\/div>\n                    <\/div>\n                <\/a>\n                        <a href='' class=\"elementor-column-wrap elementor-element-populated child rubriken-tilt make-column-clickable-elementor\">\n                <div\n                                     >\n                                                <div class='elementor-widget-wrap'>\n                                <h2 class='elementor-heading-title elementor-size-default'>\n                                                                    <\/h2>\n                            <\/div>\n                    <\/div>\n                <\/a>\n            <\/div>\t\t\t\t<\/div>\n\t\t\t\t<\/div>\n\t\t\t\t\t<\/div>\n\t\t<\/div>\n\t\t\t\t\t<\/div>\n\t\t<\/section>\n\t\t\t\t<section class=\"elementor-section elementor-top-section elementor-element elementor-element-1ab8acc elementor-section-boxed elementor-section-height-default elementor-section-height-default\" data-id=\"1ab8acc\" data-element_type=\"section\">\n\t\t\t\t\t\t<div class=\"elementor-container elementor-column-gap-default\">\n\t\t\t\t\t<div class=\"elementor-column elementor-col-100 elementor-top-column elementor-element elementor-element-0f23051\" data-id=\"0f23051\" data-element_type=\"column\">\n\t\t\t<div class=\"elementor-widget-wrap elementor-element-populated\">\n\t\t\t\t\t\t<div class=\"elementor-element elementor-element-4e6ea6b elementor-widget elementor-widget-heading\" data-id=\"4e6ea6b\" data-element_type=\"widget\" data-widget_type=\"heading.default\">\n\t\t\t\t<div class=\"elementor-widget-container\">\n\t\t\t\t\t<h2 class=\"elementor-heading-title elementor-size-default\">Book DJ - Book DJane - Book Event DJ Berlin - Book Club DJ - Book VJ<\/h2>\t\t\t\t<\/div>\n\t\t\t\t<\/div>\n\t\t\t\t<div class=\"elementor-element elementor-element-9f0d9bb elementor-widget elementor-widget-text-editor\" data-id=\"9f0d9bb\" data-element_type=\"widget\" data-widget_type=\"text-editor.default\">\n\t\t\t\t<div class=\"elementor-widget-container\">\n\t\t\t\t\t\t\t\t\t<p><strong>Club DJ<\/strong><\/p>\n<p>Club DJs are usually known in the club scene and put on a certain style. I.e. the fan base comes for the exact style of music that this DJ and the particular club stands for. The work of the club DJ is creative . The club DJ feels his audience and their wishes &#8211; he surprises them with hot club sounds and interpretations. With the music selection and interpretations of the sounds he leads the crowd to musical highlights and creates a fan base through his own style. The work of the club DJ can be considered like an artistic, temporary show with climax.<\/p>\n<p><strong>Style<\/strong><\/p>\n<p>The club DJ almost always comes as his image is built or more precisely as he simply is &#8211; himself !<\/p>\n<p><strong>Event DJ<\/strong><\/p>\n<p>The event DJ adapts the clothes to the occasion. From the elegant evening suit for festive receptions to the shorts for summer parties.<\/p>\n<p><strong>Event DJANE<\/strong><\/p>\n<p>The Event DJANE is always anxious to score in addition &#8211; visually &#8211; still to the &#8220;CAN&#8221; . It goes without saying that an EVENT DJANE is an optical eye-catcher. An exceptionally styled, attractive event DJane who brings the audience to the boil is unbeatable.<\/p>\n<p>&nbsp;<\/p>\n<p>.<\/p>\n\t\t\t\t\t\t\t\t<\/div>\n\t\t\t\t<\/div>\n\t\t\t\t\t<\/div>\n\t\t<\/div>\n\t\t\t\t\t<\/div>\n\t\t<\/section>\n\t\t\t\t<section class=\"elementor-section elementor-top-section elementor-element elementor-element-eb9e158 elementor-section-boxed elementor-section-height-default elementor-section-height-default\" data-id=\"eb9e158\" data-element_type=\"section\">\n\t\t\t\t\t\t<div class=\"elementor-container elementor-column-gap-default\">\n\t\t\t\t\t<div class=\"elementor-column elementor-col-100 elementor-top-column elementor-element elementor-element-391a378\" data-id=\"391a378\" data-element_type=\"column\">\n\t\t\t<div class=\"elementor-widget-wrap elementor-element-populated\">\n\t\t\t\t\t\t<div class=\"elementor-element elementor-element-d844e81 elementor-widget elementor-widget-spacer\" data-id=\"d844e81\" data-element_type=\"widget\" data-widget_type=\"spacer.default\">\n\t\t\t\t<div class=\"elementor-widget-container\">\n\t\t\t\t\t\t\t<div class=\"elementor-spacer\">\n\t\t\t<div class=\"elementor-spacer-inner\"><\/div>\n\t\t<\/div>\n\t\t\t\t\t\t<\/div>\n\t\t\t\t<\/div>\n\t\t\t\t\t<\/div>\n\t\t<\/div>\n\t\t\t\t\t<\/div>\n\t\t<\/section>\n\t\t\t\t<\/div>\n\t\t","protected":false},"excerpt":{"rendered":"<p>DJ Berlin \/ DJs Buchen \/ DJane buchen\/ VJ Buchen-Live musician &amp; Band DJ and DJANE Event DJ &#8211; VIDEO DJ &#8211; Club DJ &#8211; DJANE with live band or show interludes from the singer to the e-violinist or saxophonist with club DJ . Book Event DJ &#8211; Book Fair DJ Event DJ is a [&hellip;]<\/p>\n","protected":false},"author":6,"featured_media":13432,"parent":0,"menu_order":0,"comment_status":"closed","ping_status":"closed","template":"","meta":{"_acf_changed":false,"footnotes":""},"class_list":["post-16613","page","type-page","status-publish","has-post-thumbnail","hentry"],"acf":[],"yoast_head":"<!-- This site is optimized with the Yoast SEO Premium plugin v26.0 (Yoast SEO v26.2) - https:\/\/yoast.com\/wordpress\/plugins\/seo\/ -->\n<title>Book DJ Book DJane &#8211; Artist Agency Berlin<\/title>\n<meta name=\"description\" content=\"dj-buchen-deejane-buchen Dj and club DJs, DJ with life musician, vintage DJ with saxophone and DJ and singer\" \/>\n<meta name=\"robots\" content=\"noindex, follow, max-snippet:-1, max-image-preview:large, max-video-preview:-1\" \/>\n<meta property=\"og:locale\" content=\"en_US\" \/>\n<meta property=\"og:type\" content=\"article\" \/>\n<meta property=\"og:title\" content=\"Book DJ Book DJane\" \/>\n<meta property=\"og:description\" content=\"dj-buchen-deejane-buchen Dj and club DJs, DJ with life musician, vintage DJ with saxophone and DJ and singer\" \/>\n<meta property=\"og:url\" content=\"https:\/\/kuenstlervermittlung-berlin.h35.io\/en\/book-dj-book-djane\/\" \/>\n<meta property=\"og:site_name\" content=\"Artist Agency Berlin\" \/>\n<meta property=\"article:publisher\" content=\"https:\/\/www.facebook.com\/FoeldessyEntertainment.GmbH\/\" \/>\n<meta property=\"article:modified_time\" content=\"2022-01-24T18:08:53+00:00\" \/>\n<meta property=\"og:image\" content=\"https:\/\/kuenstlervermittlung-berlin.h35.io\/wp-content\/uploads\/2021\/04\/Club-DJANE-Germany-6-1.jpg\" \/>\n\t<meta property=\"og:image:width\" content=\"2078\" \/>\n\t<meta property=\"og:image:height\" content=\"1672\" \/>\n\t<meta property=\"og:image:type\" content=\"image\/jpeg\" \/>\n<meta name=\"twitter:card\" content=\"summary_large_image\" \/>\n<meta name=\"twitter:label1\" content=\"Est. reading time\" \/>\n\t<meta name=\"twitter:data1\" content=\"2 minutes\" \/>\n<script type=\"application\/ld+json\" class=\"yoast-schema-graph\">{\"@context\":\"https:\/\/schema.org\",\"@graph\":[{\"@type\":\"WebPage\",\"@id\":\"https:\/\/kuenstlervermittlung-berlin.h35.io\/en\/book-dj-book-djane\/\",\"url\":\"https:\/\/kuenstlervermittlung-berlin.h35.io\/en\/book-dj-book-djane\/\",\"name\":\"Book DJ Book DJane &#8211; Artist Agency Berlin\",\"isPartOf\":{\"@id\":\"https:\/\/kuenstlervermittlung-berlin.h35.io\/en\/#website\"},\"primaryImageOfPage\":{\"@id\":\"https:\/\/kuenstlervermittlung-berlin.h35.io\/en\/book-dj-book-djane\/#primaryimage\"},\"image\":{\"@id\":\"https:\/\/kuenstlervermittlung-berlin.h35.io\/en\/book-dj-book-djane\/#primaryimage\"},\"thumbnailUrl\":\"https:\/\/kuenstlervermittlung-berlin.h35.io\/wp-content\/uploads\/2021\/04\/Club-DJANE-Germany-6-1.jpg\",\"datePublished\":\"2021-10-07T12:55:52+00:00\",\"dateModified\":\"2022-01-24T18:08:53+00:00\",\"description\":\"dj-buchen-deejane-buchen Dj and club DJs, DJ with life musician, vintage DJ with saxophone and DJ and singer\",\"breadcrumb\":{\"@id\":\"https:\/\/kuenstlervermittlung-berlin.h35.io\/en\/book-dj-book-djane\/#breadcrumb\"},\"inLanguage\":\"en-US\",\"potentialAction\":[{\"@type\":\"ReadAction\",\"target\":[\"https:\/\/kuenstlervermittlung-berlin.h35.io\/en\/book-dj-book-djane\/\"]}]},{\"@type\":\"ImageObject\",\"inLanguage\":\"en-US\",\"@id\":\"https:\/\/kuenstlervermittlung-berlin.h35.io\/en\/book-dj-book-djane\/#primaryimage\",\"url\":\"https:\/\/kuenstlervermittlung-berlin.h35.io\/wp-content\/uploads\/2021\/04\/Club-DJANE-Germany-6-1.jpg\",\"contentUrl\":\"https:\/\/kuenstlervermittlung-berlin.h35.io\/wp-content\/uploads\/2021\/04\/Club-DJANE-Germany-6-1.jpg\",\"width\":2078,\"height\":1672,\"caption\":\"Club DJANE Germany\"},{\"@type\":\"BreadcrumbList\",\"@id\":\"https:\/\/kuenstlervermittlung-berlin.h35.io\/en\/book-dj-book-djane\/#breadcrumb\",\"itemListElement\":[{\"@type\":\"ListItem\",\"position\":1,\"name\":\"Startseite\",\"item\":\"https:\/\/kuenstlervermittlung-berlin.h35.io\/en\/\"},{\"@type\":\"ListItem\",\"position\":2,\"name\":\"Book DJ Book DJane\"}]},{\"@type\":\"WebSite\",\"@id\":\"https:\/\/kuenstlervermittlung-berlin.h35.io\/en\/#website\",\"url\":\"https:\/\/kuenstlervermittlung-berlin.h35.io\/en\/\",\"name\":\"K\u00fcnstlervermittlung Berlin\",\"description\":\"book artists and musicians\",\"publisher\":{\"@id\":\"https:\/\/kuenstlervermittlung-berlin.h35.io\/en\/#organization\"},\"alternateName\":\"KB\",\"potentialAction\":[{\"@type\":\"SearchAction\",\"target\":{\"@type\":\"EntryPoint\",\"urlTemplate\":\"https:\/\/kuenstlervermittlung-berlin.h35.io\/en\/?s={search_term_string}\"},\"query-input\":{\"@type\":\"PropertyValueSpecification\",\"valueRequired\":true,\"valueName\":\"search_term_string\"}}],\"inLanguage\":\"en-US\"},{\"@type\":\"Organization\",\"@id\":\"https:\/\/kuenstlervermittlung-berlin.h35.io\/en\/#organization\",\"name\":\"Kuenstleragentur-Berlin\",\"alternateName\":\"Kuenstlervermittlung-Berlin\",\"url\":\"https:\/\/kuenstlervermittlung-berlin.h35.io\/en\/\",\"logo\":{\"@type\":\"ImageObject\",\"inLanguage\":\"en-US\",\"@id\":\"https:\/\/kuenstlervermittlung-berlin.h35.io\/en\/#\/schema\/logo\/image\/\",\"url\":\"https:\/\/kuenstlervermittlung-berlin.h35.io\/wp-content\/uploads\/2024\/02\/partybands-Berlin-kuenstlervermittlung-berlin.jpg\",\"contentUrl\":\"https:\/\/kuenstlervermittlung-berlin.h35.io\/wp-content\/uploads\/2024\/02\/partybands-Berlin-kuenstlervermittlung-berlin.jpg\",\"width\":1600,\"height\":814,\"caption\":\"Kuenstleragentur-Berlin\"},\"image\":{\"@id\":\"https:\/\/kuenstlervermittlung-berlin.h35.io\/en\/#\/schema\/logo\/image\/\"},\"sameAs\":[\"https:\/\/www.facebook.com\/FoeldessyEntertainment.GmbH\/\",\"https:\/\/www.instagram.com\/ariadnefoeldessy\/\",\"https:\/\/www.linkedin.com\/in\/ariadne-f\u00f6ldessy-12a23029\/\"],\"description\":\"Kuenstlervermittlung-Berlin wir organisieren Veranstaltungen in ganz Deutschland und Europa. Wir vermitteln Musiker, Artisten, Showakrobaten, Partybdans, Jazzbands, Lounge-Bands,Chill-out-bands, 20er Jahre Shows, Vintage-Shows, Great Gatsby-Shows , Street-Style-Shows, LED-Shows, Bayrische Bands, Oktoberfestband, Jazzbands, DJ, Djane, Comedy K\u00fcnstler, A Capella K\u00fcnstler f\u00fcr Firmenevents, MItarbeiterpartys, Cocktailempfang, Gebutstagsfeiern, Hochzeiten, internationale Kongresse, Messepartys und Messeshows.\",\"email\":\"show@show.gmbh\",\"telephone\":\"+4933203820910\",\"legalName\":\"GmbH\",\"foundingDate\":\"1997-09-18\",\"vatID\":\"DE177317523\",\"taxID\":\"46\/105\/05150\",\"numberOfEmployees\":{\"@type\":\"QuantitativeValue\",\"minValue\":\"1\",\"maxValue\":\"10\"}}]}<\/script>\n<!-- \/ Yoast SEO Premium plugin. -->","yoast_head_json":{"title":"Book DJ Book DJane &#8211; Artist Agency Berlin","description":"dj-buchen-deejane-buchen Dj and club DJs, DJ with life musician, vintage DJ with saxophone and DJ and singer","robots":{"index":"noindex","follow":"follow","max-snippet":"max-snippet:-1","max-image-preview":"max-image-preview:large","max-video-preview":"max-video-preview:-1"},"og_locale":"en_US","og_type":"article","og_title":"Book DJ Book DJane","og_description":"dj-buchen-deejane-buchen Dj and club DJs, DJ with life musician, vintage DJ with saxophone and DJ and singer","og_url":"https:\/\/kuenstlervermittlung-berlin.h35.io\/en\/book-dj-book-djane\/","og_site_name":"Artist Agency Berlin","article_publisher":"https:\/\/www.facebook.com\/FoeldessyEntertainment.GmbH\/","article_modified_time":"2022-01-24T18:08:53+00:00","og_image":[{"width":2078,"height":1672,"url":"https:\/\/kuenstlervermittlung-berlin.h35.io\/wp-content\/uploads\/2021\/04\/Club-DJANE-Germany-6-1.jpg","type":"image\/jpeg"}],"twitter_card":"summary_large_image","twitter_misc":{"Est. reading time":"2 minutes"},"schema":{"@context":"https:\/\/schema.org","@graph":[{"@type":"WebPage","@id":"https:\/\/kuenstlervermittlung-berlin.h35.io\/en\/book-dj-book-djane\/","url":"https:\/\/kuenstlervermittlung-berlin.h35.io\/en\/book-dj-book-djane\/","name":"Book DJ Book DJane &#8211; Artist Agency Berlin","isPartOf":{"@id":"https:\/\/kuenstlervermittlung-berlin.h35.io\/en\/#website"},"primaryImageOfPage":{"@id":"https:\/\/kuenstlervermittlung-berlin.h35.io\/en\/book-dj-book-djane\/#primaryimage"},"image":{"@id":"https:\/\/kuenstlervermittlung-berlin.h35.io\/en\/book-dj-book-djane\/#primaryimage"},"thumbnailUrl":"https:\/\/kuenstlervermittlung-berlin.h35.io\/wp-content\/uploads\/2021\/04\/Club-DJANE-Germany-6-1.jpg","datePublished":"2021-10-07T12:55:52+00:00","dateModified":"2022-01-24T18:08:53+00:00","description":"dj-buchen-deejane-buchen Dj and club DJs, DJ with life musician, vintage DJ with saxophone and DJ and singer","breadcrumb":{"@id":"https:\/\/kuenstlervermittlung-berlin.h35.io\/en\/book-dj-book-djane\/#breadcrumb"},"inLanguage":"en-US","potentialAction":[{"@type":"ReadAction","target":["https:\/\/kuenstlervermittlung-berlin.h35.io\/en\/book-dj-book-djane\/"]}]},{"@type":"ImageObject","inLanguage":"en-US","@id":"https:\/\/kuenstlervermittlung-berlin.h35.io\/en\/book-dj-book-djane\/#primaryimage","url":"https:\/\/kuenstlervermittlung-berlin.h35.io\/wp-content\/uploads\/2021\/04\/Club-DJANE-Germany-6-1.jpg","contentUrl":"https:\/\/kuenstlervermittlung-berlin.h35.io\/wp-content\/uploads\/2021\/04\/Club-DJANE-Germany-6-1.jpg","width":2078,"height":1672,"caption":"Club DJANE Germany"},{"@type":"BreadcrumbList","@id":"https:\/\/kuenstlervermittlung-berlin.h35.io\/en\/book-dj-book-djane\/#breadcrumb","itemListElement":[{"@type":"ListItem","position":1,"name":"Startseite","item":"https:\/\/kuenstlervermittlung-berlin.h35.io\/en\/"},{"@type":"ListItem","position":2,"name":"Book DJ Book DJane"}]},{"@type":"WebSite","@id":"https:\/\/kuenstlervermittlung-berlin.h35.io\/en\/#website","url":"https:\/\/kuenstlervermittlung-berlin.h35.io\/en\/","name":"K\u00fcnstlervermittlung Berlin","description":"book artists and musicians","publisher":{"@id":"https:\/\/kuenstlervermittlung-berlin.h35.io\/en\/#organization"},"alternateName":"KB","potentialAction":[{"@type":"SearchAction","target":{"@type":"EntryPoint","urlTemplate":"https:\/\/kuenstlervermittlung-berlin.h35.io\/en\/?s={search_term_string}"},"query-input":{"@type":"PropertyValueSpecification","valueRequired":true,"valueName":"search_term_string"}}],"inLanguage":"en-US"},{"@type":"Organization","@id":"https:\/\/kuenstlervermittlung-berlin.h35.io\/en\/#organization","name":"Kuenstleragentur-Berlin","alternateName":"Kuenstlervermittlung-Berlin","url":"https:\/\/kuenstlervermittlung-berlin.h35.io\/en\/","logo":{"@type":"ImageObject","inLanguage":"en-US","@id":"https:\/\/kuenstlervermittlung-berlin.h35.io\/en\/#\/schema\/logo\/image\/","url":"https:\/\/kuenstlervermittlung-berlin.h35.io\/wp-content\/uploads\/2024\/02\/partybands-Berlin-kuenstlervermittlung-berlin.jpg","contentUrl":"https:\/\/kuenstlervermittlung-berlin.h35.io\/wp-content\/uploads\/2024\/02\/partybands-Berlin-kuenstlervermittlung-berlin.jpg","width":1600,"height":814,"caption":"Kuenstleragentur-Berlin"},"image":{"@id":"https:\/\/kuenstlervermittlung-berlin.h35.io\/en\/#\/schema\/logo\/image\/"},"sameAs":["https:\/\/www.facebook.com\/FoeldessyEntertainment.GmbH\/","https:\/\/www.instagram.com\/ariadnefoeldessy\/","https:\/\/www.linkedin.com\/in\/ariadne-f\u00f6ldessy-12a23029\/"],"description":"Kuenstlervermittlung-Berlin wir organisieren Veranstaltungen in ganz Deutschland und Europa. Wir vermitteln Musiker, Artisten, Showakrobaten, Partybdans, Jazzbands, Lounge-Bands,Chill-out-bands, 20er Jahre Shows, Vintage-Shows, Great Gatsby-Shows , Street-Style-Shows, LED-Shows, Bayrische Bands, Oktoberfestband, Jazzbands, DJ, Djane, Comedy K\u00fcnstler, A Capella K\u00fcnstler f\u00fcr Firmenevents, MItarbeiterpartys, Cocktailempfang, Gebutstagsfeiern, Hochzeiten, internationale Kongresse, Messepartys und Messeshows.","email":"show@show.gmbh","telephone":"+4933203820910","legalName":"GmbH","foundingDate":"1997-09-18","vatID":"DE177317523","taxID":"46\/105\/05150","numberOfEmployees":{"@type":"QuantitativeValue","minValue":"1","maxValue":"10"}}]}},"_links":{"self":[{"href":"https:\/\/kuenstlervermittlung-berlin.h35.io\/en\/wp-json\/wp\/v2\/pages\/16613","targetHints":{"allow":["GET"]}}],"collection":[{"href":"https:\/\/kuenstlervermittlung-berlin.h35.io\/en\/wp-json\/wp\/v2\/pages"}],"about":[{"href":"https:\/\/kuenstlervermittlung-berlin.h35.io\/en\/wp-json\/wp\/v2\/types\/page"}],"author":[{"embeddable":true,"href":"https:\/\/kuenstlervermittlung-berlin.h35.io\/en\/wp-json\/wp\/v2\/users\/6"}],"replies":[{"embeddable":true,"href":"https:\/\/kuenstlervermittlung-berlin.h35.io\/en\/wp-json\/wp\/v2\/comments?post=16613"}],"version-history":[{"count":5,"href":"https:\/\/kuenstlervermittlung-berlin.h35.io\/en\/wp-json\/wp\/v2\/pages\/16613\/revisions"}],"predecessor-version":[{"id":22376,"href":"https:\/\/kuenstlervermittlung-berlin.h35.io\/en\/wp-json\/wp\/v2\/pages\/16613\/revisions\/22376"}],"wp:featuredmedia":[{"embeddable":true,"href":"https:\/\/kuenstlervermittlung-berlin.h35.io\/en\/wp-json\/wp\/v2\/media\/13432"}],"wp:attachment":[{"href":"https:\/\/kuenstlervermittlung-berlin.h35.io\/en\/wp-json\/wp\/v2\/media?parent=16613"}],"curies":[{"name":"wp","href":"https:\/\/api.w.org\/{rel}","templated":true}]}}