{"id":16645,"date":"2021-10-07T16:19:29","date_gmt":"2021-10-07T14:19:29","guid":{"rendered":"https:\/\/www.kuenstlervermittlung-berlin.com\/new\/imprint\/"},"modified":"2022-01-05T18:37:27","modified_gmt":"2022-01-05T17:37:27","slug":"imprint","status":"publish","type":"page","link":"https:\/\/kuenstlervermittlung-berlin.h35.io\/en\/imprint\/","title":{"rendered":"Imprint"},"content":{"rendered":"\n<p>A. Foeldessy Entertainment GmbH&#13;\nKleine Eichen 9&#13;\nD-14532 Kleinmachnow<\/p>\n\n<p>Fon +49 (0) 33203 820910&#13;\nFax +49 (0) 33203 820912<\/p>\n\n<p>VAT ID No. DE177317523&#13;\nRegister of companies: HRB 16707 P&#13;\nLocal court: Potsdam<\/p>\n\n<p>Email: <a href=\"mailto:show@show.gmbh\">show@show.gmbh<\/a><\/p>\n\n<p>REPRESENTED BY:&#13;\nAriadne F\u00f6ldessy<\/p>\n\n<p><strong>Concept, Design, Implementation:<\/strong> <a href=\"https:\/\/www.christine-volpert.de\/\">Ariadne F\u00f6ldessy<\/a>&#13;\n<strong>SEO Optimization:<\/strong> <a href=\"https:\/\/senior-seo.de\/\">Senior SEO<\/a><\/p>\n\n<p><strong>Data protection<\/strong>&#13;\nWhen you visit this website, data is automatically collected that your browser transmits and stored in so-called server log files.&#13;\nThis data cannot be assigned to specific persons. A combination of this data with other data sources is not made.<\/p>\n\n<p><strong>Google Analytics<\/strong>&#13;\n&#8220;This website uses Google Analytics, a web analytics service provided by Google, Inc. (&#8220;Google&#8221;). Google Analytics uses &#8220;cookies&#8221;, which are text files placed on your computer, to help the website analyze how users use the site. The information generated by the cookie about your use of the website will be transmitted to and stored by Google on servers in the United States. In the event that IP anonymisation is activated on this website, however, your IP address will be truncated beforehand by Google within member states of the European Union or in other contracting states to the Agreement on the European Economic Area. Only in exceptional cases will the full IP address be transmitted to a Google server in the USA and shortened there. On behalf of the operator of this website, Google will use this information for the purpose of evaluating your use of the website, compiling reports on website activity and providing other services relating to website activity and internet usage to the website operator. The IP address transmitted by your browser as part of Google Analytics will not be merged with other Google data. You may refuse the use of cookies by selecting the appropriate settings on your browser, however please note that if you do this you may not be able to use the full functionality of this website. Furthermore, you can prevent the collection of the data generated by the cookie and related to your use of the website (including your IP address) to Google as well as the processing of this data by Google by downloading and installing the browser plugin available at the following link <a href=\"http:\/\/tools.google.com\/dlpage\/gaoptout?hl=de\">http:\/\/tools.google.com\/dlpage\/gaoptout?hl=de<\/a>.&#8221;<\/p>\n","protected":false},"excerpt":{"rendered":"<p>A. Foeldessy Entertainment GmbH&#13; Kleine Eichen 9&#13; D-14532 Kleinmachnow Fon +49 (0) 33203 820910&#13; Fax +49 (0) 33203 820912 VAT ID No. DE177317523&#13; Register of companies: HRB 16707 P&#13; Local court: Potsdam Email: show@show.gmbh REPRESENTED BY:&#13; Ariadne F\u00f6ldessy Concept, Design, Implementation: Ariadne F\u00f6ldessy&#13; SEO Optimization: Senior SEO Data protection&#13; When you visit this website, data [&hellip;]<\/p>\n","protected":false},"author":2,"featured_media":0,"parent":0,"menu_order":0,"comment_status":"closed","ping_status":"closed","template":"","meta":{"_acf_changed":false,"footnotes":""},"class_list":["post-16645","page","type-page","status-publish","hentry"],"acf":[],"yoast_head":"<!-- This site is optimized with the Yoast SEO Premium plugin v26.0 (Yoast SEO v26.2) - https:\/\/yoast.com\/wordpress\/plugins\/seo\/ -->\n<title>Imprint &#8211; Artist Agency Berlin<\/title>\n<meta name=\"robots\" content=\"noindex, follow, max-snippet:-1, max-image-preview:large, max-video-preview:-1\" \/>\n<meta property=\"og:locale\" content=\"en_US\" \/>\n<meta property=\"og:type\" content=\"article\" \/>\n<meta property=\"og:title\" content=\"Imprint\" \/>\n<meta property=\"og:description\" content=\"A. Foeldessy Entertainment GmbH&#013; Kleine Eichen 9&#013; D-14532 Kleinmachnow Fon +49 (0) 33203 820910&#013; Fax +49 (0) 33203 820912 VAT ID No. DE177317523&#013; Register of companies: HRB 16707 P&#013; Local court: Potsdam Email: show@show.gmbh REPRESENTED BY:&#013; Ariadne F\u00f6ldessy Concept, Design, Implementation: Ariadne F\u00f6ldessy&#013; SEO Optimization: Senior SEO Data protection&#013; When you visit this website, data [&hellip;]\" \/>\n<meta property=\"og:url\" content=\"https:\/\/kuenstlervermittlung-berlin.h35.io\/en\/imprint\/\" \/>\n<meta property=\"og:site_name\" content=\"Artist Agency Berlin\" \/>\n<meta property=\"article:publisher\" content=\"https:\/\/www.facebook.com\/FoeldessyEntertainment.GmbH\/\" \/>\n<meta property=\"article:modified_time\" content=\"2022-01-05T17:37:27+00:00\" \/>\n<meta property=\"og:image\" content=\"https:\/\/kuenstlervermittlung-berlin.h35.io\/wp-content\/uploads\/2024\/02\/partybands-Berlin-kuenstlervermittlung-berlin.jpg\" \/>\n\t<meta property=\"og:image:width\" content=\"1600\" \/>\n\t<meta property=\"og:image:height\" content=\"814\" \/>\n\t<meta property=\"og:image:type\" content=\"image\/jpeg\" \/>\n<meta name=\"twitter:card\" content=\"summary_large_image\" \/>\n<meta name=\"twitter:label1\" content=\"Est. reading time\" \/>\n\t<meta name=\"twitter:data1\" content=\"2 minutes\" \/>\n<script type=\"application\/ld+json\" class=\"yoast-schema-graph\">{\"@context\":\"https:\/\/schema.org\",\"@graph\":[{\"@type\":\"WebPage\",\"@id\":\"https:\/\/kuenstlervermittlung-berlin.h35.io\/en\/imprint\/\",\"url\":\"https:\/\/kuenstlervermittlung-berlin.h35.io\/en\/imprint\/\",\"name\":\"Imprint &#8211; Artist Agency Berlin\",\"isPartOf\":{\"@id\":\"https:\/\/kuenstlervermittlung-berlin.h35.io\/en\/#website\"},\"datePublished\":\"2021-10-07T14:19:29+00:00\",\"dateModified\":\"2022-01-05T17:37:27+00:00\",\"breadcrumb\":{\"@id\":\"https:\/\/kuenstlervermittlung-berlin.h35.io\/en\/imprint\/#breadcrumb\"},\"inLanguage\":\"en-US\",\"potentialAction\":[{\"@type\":\"ReadAction\",\"target\":[\"https:\/\/kuenstlervermittlung-berlin.h35.io\/en\/imprint\/\"]}]},{\"@type\":\"BreadcrumbList\",\"@id\":\"https:\/\/kuenstlervermittlung-berlin.h35.io\/en\/imprint\/#breadcrumb\",\"itemListElement\":[{\"@type\":\"ListItem\",\"position\":1,\"name\":\"Startseite\",\"item\":\"https:\/\/kuenstlervermittlung-berlin.h35.io\/en\/\"},{\"@type\":\"ListItem\",\"position\":2,\"name\":\"Imprint\"}]},{\"@type\":\"WebSite\",\"@id\":\"https:\/\/kuenstlervermittlung-berlin.h35.io\/en\/#website\",\"url\":\"https:\/\/kuenstlervermittlung-berlin.h35.io\/en\/\",\"name\":\"K\u00fcnstlervermittlung Berlin\",\"description\":\"book artists and musicians\",\"publisher\":{\"@id\":\"https:\/\/kuenstlervermittlung-berlin.h35.io\/en\/#organization\"},\"alternateName\":\"KB\",\"potentialAction\":[{\"@type\":\"SearchAction\",\"target\":{\"@type\":\"EntryPoint\",\"urlTemplate\":\"https:\/\/kuenstlervermittlung-berlin.h35.io\/en\/?s={search_term_string}\"},\"query-input\":{\"@type\":\"PropertyValueSpecification\",\"valueRequired\":true,\"valueName\":\"search_term_string\"}}],\"inLanguage\":\"en-US\"},{\"@type\":\"Organization\",\"@id\":\"https:\/\/kuenstlervermittlung-berlin.h35.io\/en\/#organization\",\"name\":\"Kuenstleragentur-Berlin\",\"alternateName\":\"Kuenstlervermittlung-Berlin\",\"url\":\"https:\/\/kuenstlervermittlung-berlin.h35.io\/en\/\",\"logo\":{\"@type\":\"ImageObject\",\"inLanguage\":\"en-US\",\"@id\":\"https:\/\/kuenstlervermittlung-berlin.h35.io\/en\/#\/schema\/logo\/image\/\",\"url\":\"https:\/\/kuenstlervermittlung-berlin.h35.io\/wp-content\/uploads\/2024\/02\/partybands-Berlin-kuenstlervermittlung-berlin.jpg\",\"contentUrl\":\"https:\/\/kuenstlervermittlung-berlin.h35.io\/wp-content\/uploads\/2024\/02\/partybands-Berlin-kuenstlervermittlung-berlin.jpg\",\"width\":1600,\"height\":814,\"caption\":\"Kuenstleragentur-Berlin\"},\"image\":{\"@id\":\"https:\/\/kuenstlervermittlung-berlin.h35.io\/en\/#\/schema\/logo\/image\/\"},\"sameAs\":[\"https:\/\/www.facebook.com\/FoeldessyEntertainment.GmbH\/\",\"https:\/\/www.instagram.com\/ariadnefoeldessy\/\",\"https:\/\/www.linkedin.com\/in\/ariadne-f\u00f6ldessy-12a23029\/\"],\"description\":\"Kuenstlervermittlung-Berlin wir organisieren Veranstaltungen in ganz Deutschland und Europa. Wir vermitteln Musiker, Artisten, Showakrobaten, Partybdans, Jazzbands, Lounge-Bands,Chill-out-bands, 20er Jahre Shows, Vintage-Shows, Great Gatsby-Shows , Street-Style-Shows, LED-Shows, Bayrische Bands, Oktoberfestband, Jazzbands, DJ, Djane, Comedy K\u00fcnstler, A Capella K\u00fcnstler f\u00fcr Firmenevents, MItarbeiterpartys, Cocktailempfang, Gebutstagsfeiern, Hochzeiten, internationale Kongresse, Messepartys und Messeshows.\",\"email\":\"show@show.gmbh\",\"telephone\":\"+4933203820910\",\"legalName\":\"GmbH\",\"foundingDate\":\"1997-09-18\",\"vatID\":\"DE177317523\",\"taxID\":\"46\/105\/05150\",\"numberOfEmployees\":{\"@type\":\"QuantitativeValue\",\"minValue\":\"1\",\"maxValue\":\"10\"}}]}<\/script>\n<!-- \/ Yoast SEO Premium plugin. -->","yoast_head_json":{"title":"Imprint &#8211; Artist Agency Berlin","robots":{"index":"noindex","follow":"follow","max-snippet":"max-snippet:-1","max-image-preview":"max-image-preview:large","max-video-preview":"max-video-preview:-1"},"og_locale":"en_US","og_type":"article","og_title":"Imprint","og_description":"A. Foeldessy Entertainment GmbH&#13; Kleine Eichen 9&#13; D-14532 Kleinmachnow Fon +49 (0) 33203 820910&#13; Fax +49 (0) 33203 820912 VAT ID No. DE177317523&#13; Register of companies: HRB 16707 P&#13; Local court: Potsdam Email: show@show.gmbh REPRESENTED BY:&#13; Ariadne F\u00f6ldessy Concept, Design, Implementation: Ariadne F\u00f6ldessy&#13; SEO Optimization: Senior SEO Data protection&#13; When you visit this website, data [&hellip;]","og_url":"https:\/\/kuenstlervermittlung-berlin.h35.io\/en\/imprint\/","og_site_name":"Artist Agency Berlin","article_publisher":"https:\/\/www.facebook.com\/FoeldessyEntertainment.GmbH\/","article_modified_time":"2022-01-05T17:37:27+00:00","og_image":[{"width":1600,"height":814,"url":"https:\/\/kuenstlervermittlung-berlin.h35.io\/wp-content\/uploads\/2024\/02\/partybands-Berlin-kuenstlervermittlung-berlin.jpg","type":"image\/jpeg"}],"twitter_card":"summary_large_image","twitter_misc":{"Est. reading time":"2 minutes"},"schema":{"@context":"https:\/\/schema.org","@graph":[{"@type":"WebPage","@id":"https:\/\/kuenstlervermittlung-berlin.h35.io\/en\/imprint\/","url":"https:\/\/kuenstlervermittlung-berlin.h35.io\/en\/imprint\/","name":"Imprint &#8211; Artist Agency Berlin","isPartOf":{"@id":"https:\/\/kuenstlervermittlung-berlin.h35.io\/en\/#website"},"datePublished":"2021-10-07T14:19:29+00:00","dateModified":"2022-01-05T17:37:27+00:00","breadcrumb":{"@id":"https:\/\/kuenstlervermittlung-berlin.h35.io\/en\/imprint\/#breadcrumb"},"inLanguage":"en-US","potentialAction":[{"@type":"ReadAction","target":["https:\/\/kuenstlervermittlung-berlin.h35.io\/en\/imprint\/"]}]},{"@type":"BreadcrumbList","@id":"https:\/\/kuenstlervermittlung-berlin.h35.io\/en\/imprint\/#breadcrumb","itemListElement":[{"@type":"ListItem","position":1,"name":"Startseite","item":"https:\/\/kuenstlervermittlung-berlin.h35.io\/en\/"},{"@type":"ListItem","position":2,"name":"Imprint"}]},{"@type":"WebSite","@id":"https:\/\/kuenstlervermittlung-berlin.h35.io\/en\/#website","url":"https:\/\/kuenstlervermittlung-berlin.h35.io\/en\/","name":"K\u00fcnstlervermittlung Berlin","description":"book artists and musicians","publisher":{"@id":"https:\/\/kuenstlervermittlung-berlin.h35.io\/en\/#organization"},"alternateName":"KB","potentialAction":[{"@type":"SearchAction","target":{"@type":"EntryPoint","urlTemplate":"https:\/\/kuenstlervermittlung-berlin.h35.io\/en\/?s={search_term_string}"},"query-input":{"@type":"PropertyValueSpecification","valueRequired":true,"valueName":"search_term_string"}}],"inLanguage":"en-US"},{"@type":"Organization","@id":"https:\/\/kuenstlervermittlung-berlin.h35.io\/en\/#organization","name":"Kuenstleragentur-Berlin","alternateName":"Kuenstlervermittlung-Berlin","url":"https:\/\/kuenstlervermittlung-berlin.h35.io\/en\/","logo":{"@type":"ImageObject","inLanguage":"en-US","@id":"https:\/\/kuenstlervermittlung-berlin.h35.io\/en\/#\/schema\/logo\/image\/","url":"https:\/\/kuenstlervermittlung-berlin.h35.io\/wp-content\/uploads\/2024\/02\/partybands-Berlin-kuenstlervermittlung-berlin.jpg","contentUrl":"https:\/\/kuenstlervermittlung-berlin.h35.io\/wp-content\/uploads\/2024\/02\/partybands-Berlin-kuenstlervermittlung-berlin.jpg","width":1600,"height":814,"caption":"Kuenstleragentur-Berlin"},"image":{"@id":"https:\/\/kuenstlervermittlung-berlin.h35.io\/en\/#\/schema\/logo\/image\/"},"sameAs":["https:\/\/www.facebook.com\/FoeldessyEntertainment.GmbH\/","https:\/\/www.instagram.com\/ariadnefoeldessy\/","https:\/\/www.linkedin.com\/in\/ariadne-f\u00f6ldessy-12a23029\/"],"description":"Kuenstlervermittlung-Berlin wir organisieren Veranstaltungen in ganz Deutschland und Europa. Wir vermitteln Musiker, Artisten, Showakrobaten, Partybdans, Jazzbands, Lounge-Bands,Chill-out-bands, 20er Jahre Shows, Vintage-Shows, Great Gatsby-Shows , Street-Style-Shows, LED-Shows, Bayrische Bands, Oktoberfestband, Jazzbands, DJ, Djane, Comedy K\u00fcnstler, A Capella K\u00fcnstler f\u00fcr Firmenevents, MItarbeiterpartys, Cocktailempfang, Gebutstagsfeiern, Hochzeiten, internationale Kongresse, Messepartys und Messeshows.","email":"show@show.gmbh","telephone":"+4933203820910","legalName":"GmbH","foundingDate":"1997-09-18","vatID":"DE177317523","taxID":"46\/105\/05150","numberOfEmployees":{"@type":"QuantitativeValue","minValue":"1","maxValue":"10"}}]}},"_links":{"self":[{"href":"https:\/\/kuenstlervermittlung-berlin.h35.io\/en\/wp-json\/wp\/v2\/pages\/16645","targetHints":{"allow":["GET"]}}],"collection":[{"href":"https:\/\/kuenstlervermittlung-berlin.h35.io\/en\/wp-json\/wp\/v2\/pages"}],"about":[{"href":"https:\/\/kuenstlervermittlung-berlin.h35.io\/en\/wp-json\/wp\/v2\/types\/page"}],"author":[{"embeddable":true,"href":"https:\/\/kuenstlervermittlung-berlin.h35.io\/en\/wp-json\/wp\/v2\/users\/2"}],"replies":[{"embeddable":true,"href":"https:\/\/kuenstlervermittlung-berlin.h35.io\/en\/wp-json\/wp\/v2\/comments?post=16645"}],"version-history":[{"count":2,"href":"https:\/\/kuenstlervermittlung-berlin.h35.io\/en\/wp-json\/wp\/v2\/pages\/16645\/revisions"}],"predecessor-version":[{"id":22085,"href":"https:\/\/kuenstlervermittlung-berlin.h35.io\/en\/wp-json\/wp\/v2\/pages\/16645\/revisions\/22085"}],"wp:attachment":[{"href":"https:\/\/kuenstlervermittlung-berlin.h35.io\/en\/wp-json\/wp\/v2\/media?parent=16645"}],"curies":[{"name":"wp","href":"https:\/\/api.w.org\/{rel}","templated":true}]}}