{"id":21343,"date":"2021-11-30T12:35:55","date_gmt":"2021-11-30T11:35:55","guid":{"rendered":"https:\/\/www.kuenstlervermittlung-berlin.com\/contact-and-catalogue\/"},"modified":"2024-10-28T16:49:34","modified_gmt":"2024-10-28T15:49:34","slug":"contact-and-catalogue","status":"publish","type":"page","link":"https:\/\/kuenstlervermittlung-berlin.h35.io\/en\/contact-and-catalogue\/","title":{"rendered":"Contact and catalog"},"content":{"rendered":"\t\t<div data-elementor-type=\"wp-page\" data-elementor-id=\"21343\" class=\"elementor elementor-21343 elementor-19273\" data-elementor-post-type=\"page\">\n\t\t\t\t\t\t<section class=\"elementor-section elementor-top-section elementor-element elementor-element-bd1803c elementor-section-boxed elementor-section-height-default elementor-section-height-default\" data-id=\"bd1803c\" data-element_type=\"section\" data-settings=\"{&quot;background_background&quot;:&quot;classic&quot;}\">\n\t\t\t\t\t\t<div class=\"elementor-container elementor-column-gap-default\">\n\t\t\t\t\t<div class=\"elementor-column elementor-col-100 elementor-top-column elementor-element elementor-element-8fabb71\" data-id=\"8fabb71\" data-element_type=\"column\">\n\t\t\t<div class=\"elementor-widget-wrap elementor-element-populated\">\n\t\t\t\t\t\t<div class=\"elementor-element elementor-element-48ed54f elementor-widget elementor-widget-heading\" data-id=\"48ed54f\" data-element_type=\"widget\" data-widget_type=\"heading.default\">\n\t\t\t\t<div class=\"elementor-widget-container\">\n\t\t\t\t\t<h2 class=\"elementor-heading-title elementor-size-default\">Contact<\/h2>\t\t\t\t<\/div>\n\t\t\t\t<\/div>\n\t\t\t\t<div class=\"elementor-element elementor-element-571896d elementor-widget elementor-widget-heading\" data-id=\"571896d\" data-element_type=\"widget\" data-widget_type=\"heading.default\">\n\t\t\t\t<div class=\"elementor-widget-container\">\n\t\t\t\t\t<h2 class=\"elementor-heading-title elementor-size-default\">Ask an artist or our catalog<\/h2>\t\t\t\t<\/div>\n\t\t\t\t<\/div>\n\t\t\t\t\t<\/div>\n\t\t<\/div>\n\t\t\t\t\t<\/div>\n\t\t<\/section>\n\t\t\t\t<section class=\"elementor-section elementor-top-section elementor-element elementor-element-3afbfc9 elementor-section-boxed elementor-section-height-default elementor-section-height-default\" data-id=\"3afbfc9\" data-element_type=\"section\">\n\t\t\t\t\t\t<div class=\"elementor-container elementor-column-gap-default\">\n\t\t\t\t\t<div class=\"elementor-column elementor-col-100 elementor-top-column elementor-element elementor-element-0de2b03\" data-id=\"0de2b03\" data-element_type=\"column\">\n\t\t\t<div class=\"elementor-widget-wrap elementor-element-populated\">\n\t\t\t\t\t\t<div class=\"elementor-element elementor-element-d4457f0 elementor-widget elementor-widget-heading\" data-id=\"d4457f0\" data-element_type=\"widget\" data-widget_type=\"heading.default\">\n\t\t\t\t<div class=\"elementor-widget-container\">\n\t\t\t\t\t<h2 class=\"elementor-heading-title elementor-size-default\">Request catalog or artist<\/h2>\t\t\t\t<\/div>\n\t\t\t\t<\/div>\n\t\t\t\t<div class=\"elementor-element elementor-element-9382b97 elementor-widget elementor-widget-text-editor\" data-id=\"9382b97\" data-element_type=\"widget\" data-widget_type=\"text-editor.default\">\n\t\t\t\t<div class=\"elementor-widget-container\">\n\t\t\t\t\t\t\t\t\t<p>We have lovingly designed our 30-page catalog for the Berlin Artists&#8217; Agency for you with plenty of illustrations. We hope you enjoy leafing through and you are guaranteed to find more stimulating ideas for your event.<\/p>\n\t\t\t\t\t\t\t\t<\/div>\n\t\t\t\t<\/div>\n\t\t\t\t<div class=\"elementor-element elementor-element-eaaaabb elementor-button-align-stretch elementor-widget elementor-widget-form\" data-id=\"eaaaabb\" data-element_type=\"widget\" data-settings=\"{&quot;step_next_label&quot;:&quot;Next&quot;,&quot;step_previous_label&quot;:&quot;Previous&quot;,&quot;button_width&quot;:&quot;100&quot;,&quot;dce_confirm_dialog_enabled&quot;:&quot;no&quot;,&quot;step_type&quot;:&quot;number_text&quot;,&quot;step_icon_shape&quot;:&quot;circle&quot;,&quot;label_icon_size&quot;:{&quot;unit&quot;:&quot;px&quot;,&quot;size&quot;:&quot;&quot;,&quot;sizes&quot;:[]},&quot;field_icon_size&quot;:{&quot;unit&quot;:&quot;px&quot;,&quot;size&quot;:&quot;&quot;,&quot;sizes&quot;:[]}}\" data-widget_type=\"form.default\">\n\t\t\t\t<div class=\"elementor-widget-container\">\n\t\t\t\t\t\t\t<form class=\"elementor-form\" method=\"post\" name=\"New form\" aria-label=\"New form\">\n\t\t\t<input type=\"hidden\" name=\"post_id\" value=\"21343\"\/>\n\t\t\t<input type=\"hidden\" name=\"form_id\" value=\"eaaaabb\"\/>\n\t\t\t<input type=\"hidden\" name=\"referer_title\" value=\"Artist Agency Berlin\" \/>\n\n\t\t\t\n\t\t\t<div class=\"elementor-form-fields-wrapper elementor-labels-above\">\n\t\t\t\t\t\t\t\t<div class=\"elementor-field-type-text elementor-field-group elementor-column elementor-field-group-name elementor-col-50 elementor-field-required elementor-mark-required\">\n\t\t\t\t\t\t\t\t\t\t\t\t<label for=\"form-field-name\" class=\"elementor-field-label\">\n\t\t\t\t\t\t\t\tName\t\t\t\t\t\t\t<\/label>\n\t\t\t\t\t\t\t\t\t\t\t\t\t\t<input size=\"1\" type=\"text\" name=\"form_fields[name]\" id=\"form-field-name\" class=\"elementor-field elementor-size-sm  elementor-field-textual\" required=\"required\">\n\t\t\t\t\t\t\t\t\t\t\t<\/div>\n\t\t\t\t\t\t\t\t<div class=\"elementor-field-type-text elementor-field-group elementor-column elementor-field-group-field_0bd3e0a elementor-col-50 elementor-field-required elementor-mark-required\">\n\t\t\t\t\t\t\t\t\t\t\t\t<label for=\"form-field-field_0bd3e0a\" class=\"elementor-field-label\">\n\t\t\t\t\t\t\t\tLast name\t\t\t\t\t\t\t<\/label>\n\t\t\t\t\t\t\t\t\t\t\t\t\t\t<input size=\"1\" type=\"text\" name=\"form_fields[field_0bd3e0a]\" id=\"form-field-field_0bd3e0a\" class=\"elementor-field elementor-size-sm  elementor-field-textual\" required=\"required\">\n\t\t\t\t\t\t\t\t\t\t\t<\/div>\n\t\t\t\t\t\t\t\t<div class=\"elementor-field-type-email elementor-field-group elementor-column elementor-field-group-email elementor-col-50 elementor-field-required elementor-mark-required\">\n\t\t\t\t\t\t\t\t\t\t\t\t<label for=\"form-field-email\" class=\"elementor-field-label\">\n\t\t\t\t\t\t\t\tE-mail\t\t\t\t\t\t\t<\/label>\n\t\t\t\t\t\t\t\t\t\t\t\t\t\t<input size=\"1\" type=\"email\" name=\"form_fields[email]\" id=\"form-field-email\" class=\"elementor-field elementor-size-sm  elementor-field-textual\" required=\"required\">\n\t\t\t\t\t\t\t\t\t\t\t<\/div>\n\t\t\t\t\t\t\t\t<div class=\"elementor-field-type-tel elementor-field-group elementor-column elementor-field-group-field_90a8d41 elementor-col-50 elementor-field-required elementor-mark-required\">\n\t\t\t\t\t\t\t\t\t\t\t\t<label for=\"form-field-field_90a8d41\" class=\"elementor-field-label\">\n\t\t\t\t\t\t\t\tPhone\t\t\t\t\t\t\t<\/label>\n\t\t\t\t\t\t\t\t<input size=\"1\" type=\"tel\" name=\"form_fields[field_90a8d41]\" id=\"form-field-field_90a8d41\" class=\"elementor-field elementor-size-sm  elementor-field-textual\" required=\"required\" pattern=\"[0-9()#&amp;+*-=.]+\" title=\"Only numbers and phone characters (#, -, *, etc) are accepted.\">\n\n\t\t\t\t\t\t<\/div>\n\t\t\t\t\t\t\t\t<div class=\"elementor-field-type-text elementor-field-group elementor-column elementor-field-group-field_4be14ba elementor-col-50 elementor-field-required elementor-mark-required\">\n\t\t\t\t\t\t\t\t\t\t\t\t<label for=\"form-field-field_4be14ba\" class=\"elementor-field-label\">\n\t\t\t\t\t\t\t\tCompany\t\t\t\t\t\t\t<\/label>\n\t\t\t\t\t\t\t\t\t\t\t\t\t\t<input size=\"1\" type=\"text\" name=\"form_fields[field_4be14ba]\" id=\"form-field-field_4be14ba\" class=\"elementor-field elementor-size-sm  elementor-field-textual\" required=\"required\">\n\t\t\t\t\t\t\t\t\t\t\t<\/div>\n\t\t\t\t\t\t\t\t<div class=\"elementor-field-type-text elementor-field-group elementor-column elementor-field-group-message elementor-col-50 elementor-field-required elementor-mark-required\">\n\t\t\t\t\t\t\t\t\t\t\t\t<label for=\"form-field-message\" class=\"elementor-field-label\">\n\t\t\t\t\t\t\t\tCompany address\t\t\t\t\t\t\t<\/label>\n\t\t\t\t\t\t\t\t\t\t\t\t\t\t<input size=\"1\" type=\"text\" name=\"form_fields[message]\" id=\"form-field-message\" class=\"elementor-field elementor-size-sm  elementor-field-textual\" required=\"required\">\n\t\t\t\t\t\t\t\t\t\t\t<\/div>\n\t\t\t\t\t\t\t\t<div class=\"elementor-field-type-text elementor-field-group elementor-column elementor-field-group-field_c3f0b43 elementor-col-100 elementor-field-required elementor-mark-required\">\n\t\t\t\t\t\t\t\t\t\t\t\t<label for=\"form-field-field_c3f0b43\" class=\"elementor-field-label\">\n\t\t\t\t\t\t\t\tCountry\t\t\t\t\t\t\t<\/label>\n\t\t\t\t\t\t\t\t\t\t\t\t\t\t<input size=\"1\" type=\"text\" name=\"form_fields[field_c3f0b43]\" id=\"form-field-field_c3f0b43\" class=\"elementor-field elementor-size-sm  elementor-field-textual\" required=\"required\">\n\t\t\t\t\t\t\t\t\t\t\t<\/div>\n\t\t\t\t\t\t\t\t<div class=\"elementor-field-type-radio elementor-field-group elementor-column elementor-field-group-field_498cb38 elementor-col-100 elementor-field-required elementor-mark-required\">\n\t\t\t\t\t\t\t\t\t\t\t\t<label for=\"form-field-field_498cb38\" class=\"elementor-field-label\">\n\t\t\t\t\t\t\t\tReason\t\t\t\t\t\t\t<\/label>\n\t\t\t\t\t\t<div class=\"elementor-field-subgroup  elementor-subgroup-inline\"><span class=\"elementor-field-option\"><input type=\"radio\" value=\"Catalog request\" id=\"form-field-field_498cb38-0\" name=\"form_fields[field_498cb38]\" required=\"required\"> <label for=\"form-field-field_498cb38-0\">Catalog request<\/label><\/span><span class=\"elementor-field-option\"><input type=\"radio\" value=\"Artist \/ Booking request\" id=\"form-field-field_498cb38-1\" name=\"form_fields[field_498cb38]\" required=\"required\"> <label for=\"form-field-field_498cb38-1\">Artist \/ Booking request<\/label><\/span><span class=\"elementor-field-option\"><input type=\"radio\" value=\"Other question\" id=\"form-field-field_498cb38-2\" name=\"form_fields[field_498cb38]\" required=\"required\"> <label for=\"form-field-field_498cb38-2\">Other question<\/label><\/span><\/div>\t\t\t\t<\/div>\n\t\t\t\t\t\t\t\t<div class=\"elementor-field-type-textarea elementor-field-group elementor-column elementor-field-group-field_2733fa4 elementor-col-100\">\n\t\t\t\t\t\t\t\t\t\t\t\t<label for=\"form-field-field_2733fa4\" class=\"elementor-field-label\">\n\t\t\t\t\t\t\t\tMessage\t\t\t\t\t\t\t<\/label>\n\t\t\t\t\t\t<textarea class=\"elementor-field-textual elementor-field  elementor-size-sm\" name=\"form_fields[field_2733fa4]\" id=\"form-field-field_2733fa4\" rows=\"4\"><\/textarea>\t\t\t\t<\/div>\n\t\t\t\t\t\t\t\t<div class=\"elementor-field-type-acceptance elementor-field-group elementor-column elementor-field-group-field_236cc8b elementor-col-100 elementor-field-required elementor-mark-required\">\n\t\t\t\t\t\t\t<div class=\"elementor-field-subgroup\">\n\t\t\t<span class=\"elementor-field-option\">\n\t\t\t\t<input type=\"checkbox\" name=\"form_fields[field_236cc8b]\" id=\"form-field-field_236cc8b\" class=\"elementor-field elementor-size-sm  elementor-acceptance-field\" required=\"required\">\n\t\t\t\t<label for=\"form-field-field_236cc8b\">I accept the privacy policy of the site<\/label>\t\t\t<\/span>\n\t\t<\/div>\n\t\t\t\t\t\t<\/div>\n\t\t\t\t\t\t\t\t<div class=\"elementor-field-group elementor-column elementor-field-type-submit elementor-col-100 e-form__buttons\">\n\t\t\t\t\t<button class=\"elementor-button elementor-size-sm\" type=\"submit\">\n\t\t\t\t\t\t<span class=\"elementor-button-content-wrapper\">\n\t\t\t\t\t\t\t\t\t\t\t\t\t\t\t\t\t\t\t\t\t\t<span class=\"elementor-button-text\">Send<\/span>\n\t\t\t\t\t\t\t\t\t\t\t\t\t<\/span>\n\t\t\t\t\t<\/button>\n\t\t\t\t<\/div>\n\t\t\t<\/div>\n\t\t<\/form>\n\t\t\t\t\t\t<\/div>\n\t\t\t\t<\/div>\n\t\t\t\t\t<\/div>\n\t\t<\/div>\n\t\t\t\t\t<\/div>\n\t\t<\/section>\n\t\t\t\t<\/div>\n\t\t","protected":false},"excerpt":{"rendered":"<p>Contact us Request an artist or our catalog Request a catalog or artist We have lovingly designed our 30-page catalog of the artist agency Berlin for you. We hope you enjoy browsing through it and guarantee you will find even more inspiring ideas for your event. Please fill out ALL mandatory fields and we will [&hellip;]<\/p>\n","protected":false},"author":3,"featured_media":22405,"parent":0,"menu_order":0,"comment_status":"closed","ping_status":"closed","template":"","meta":{"_acf_changed":false,"footnotes":""},"class_list":["post-21343","page","type-page","status-publish","has-post-thumbnail","hentry"],"acf":[],"yoast_head":"<!-- This site is optimized with the Yoast SEO Premium plugin v26.0 (Yoast SEO v26.2) - https:\/\/yoast.com\/wordpress\/plugins\/seo\/ -->\n<title>Contact and catalog &#8211; Artist Agency Berlin<\/title>\n<meta name=\"description\" content=\"Request a catalog for company events, employee parties or trade fair events\" \/>\n<meta name=\"robots\" content=\"noindex, follow, max-snippet:-1, max-image-preview:large, max-video-preview:-1\" \/>\n<meta property=\"og:locale\" content=\"en_US\" \/>\n<meta property=\"og:type\" content=\"article\" \/>\n<meta property=\"og:title\" content=\"Contact and catalog\" \/>\n<meta property=\"og:description\" content=\"Request a catalog for company events, employee parties or trade fair events\" \/>\n<meta property=\"og:url\" content=\"https:\/\/kuenstlervermittlung-berlin.h35.io\/en\/contact-and-catalogue\/\" \/>\n<meta property=\"og:site_name\" content=\"Artist Agency Berlin\" \/>\n<meta property=\"article:publisher\" content=\"https:\/\/www.facebook.com\/FoeldessyEntertainment.GmbH\/\" \/>\n<meta property=\"article:modified_time\" content=\"2024-10-28T15:49:34+00:00\" \/>\n<meta property=\"og:image\" content=\"https:\/\/kuenstlervermittlung-berlin.h35.io\/wp-content\/uploads\/2022\/01\/Katalog-anfordern.jpg\" \/>\n\t<meta property=\"og:image:width\" content=\"1021\" \/>\n\t<meta property=\"og:image:height\" content=\"384\" \/>\n\t<meta property=\"og:image:type\" content=\"image\/jpeg\" \/>\n<meta name=\"twitter:card\" content=\"summary_large_image\" \/>\n<meta name=\"twitter:label1\" content=\"Est. reading time\" \/>\n\t<meta name=\"twitter:data1\" content=\"1 minute\" \/>\n<script type=\"application\/ld+json\" class=\"yoast-schema-graph\">{\"@context\":\"https:\/\/schema.org\",\"@graph\":[{\"@type\":\"WebPage\",\"@id\":\"https:\/\/kuenstlervermittlung-berlin.h35.io\/en\/contact-and-catalogue\/\",\"url\":\"https:\/\/kuenstlervermittlung-berlin.h35.io\/en\/contact-and-catalogue\/\",\"name\":\"Contact and catalog &#8211; Artist Agency Berlin\",\"isPartOf\":{\"@id\":\"https:\/\/kuenstlervermittlung-berlin.h35.io\/en\/#website\"},\"primaryImageOfPage\":{\"@id\":\"https:\/\/kuenstlervermittlung-berlin.h35.io\/en\/contact-and-catalogue\/#primaryimage\"},\"image\":{\"@id\":\"https:\/\/kuenstlervermittlung-berlin.h35.io\/en\/contact-and-catalogue\/#primaryimage\"},\"thumbnailUrl\":\"https:\/\/kuenstlervermittlung-berlin.h35.io\/wp-content\/uploads\/2022\/01\/Katalog-anfordern.jpg\",\"datePublished\":\"2021-11-30T11:35:55+00:00\",\"dateModified\":\"2024-10-28T15:49:34+00:00\",\"description\":\"Request a catalog for company events, employee parties or trade fair events\",\"breadcrumb\":{\"@id\":\"https:\/\/kuenstlervermittlung-berlin.h35.io\/en\/contact-and-catalogue\/#breadcrumb\"},\"inLanguage\":\"en-US\",\"potentialAction\":[{\"@type\":\"ReadAction\",\"target\":[\"https:\/\/kuenstlervermittlung-berlin.h35.io\/en\/contact-and-catalogue\/\"]}]},{\"@type\":\"ImageObject\",\"inLanguage\":\"en-US\",\"@id\":\"https:\/\/kuenstlervermittlung-berlin.h35.io\/en\/contact-and-catalogue\/#primaryimage\",\"url\":\"https:\/\/kuenstlervermittlung-berlin.h35.io\/wp-content\/uploads\/2022\/01\/Katalog-anfordern.jpg\",\"contentUrl\":\"https:\/\/kuenstlervermittlung-berlin.h35.io\/wp-content\/uploads\/2022\/01\/Katalog-anfordern.jpg\",\"width\":1021,\"height\":384,\"caption\":\"Catalog request\"},{\"@type\":\"BreadcrumbList\",\"@id\":\"https:\/\/kuenstlervermittlung-berlin.h35.io\/en\/contact-and-catalogue\/#breadcrumb\",\"itemListElement\":[{\"@type\":\"ListItem\",\"position\":1,\"name\":\"Startseite\",\"item\":\"https:\/\/kuenstlervermittlung-berlin.h35.io\/en\/\"},{\"@type\":\"ListItem\",\"position\":2,\"name\":\"Contact and catalog\"}]},{\"@type\":\"WebSite\",\"@id\":\"https:\/\/kuenstlervermittlung-berlin.h35.io\/en\/#website\",\"url\":\"https:\/\/kuenstlervermittlung-berlin.h35.io\/en\/\",\"name\":\"K\u00fcnstlervermittlung Berlin\",\"description\":\"book artists and musicians\",\"publisher\":{\"@id\":\"https:\/\/kuenstlervermittlung-berlin.h35.io\/en\/#organization\"},\"alternateName\":\"KB\",\"potentialAction\":[{\"@type\":\"SearchAction\",\"target\":{\"@type\":\"EntryPoint\",\"urlTemplate\":\"https:\/\/kuenstlervermittlung-berlin.h35.io\/en\/?s={search_term_string}\"},\"query-input\":{\"@type\":\"PropertyValueSpecification\",\"valueRequired\":true,\"valueName\":\"search_term_string\"}}],\"inLanguage\":\"en-US\"},{\"@type\":\"Organization\",\"@id\":\"https:\/\/kuenstlervermittlung-berlin.h35.io\/en\/#organization\",\"name\":\"Kuenstleragentur-Berlin\",\"alternateName\":\"Kuenstlervermittlung-Berlin\",\"url\":\"https:\/\/kuenstlervermittlung-berlin.h35.io\/en\/\",\"logo\":{\"@type\":\"ImageObject\",\"inLanguage\":\"en-US\",\"@id\":\"https:\/\/kuenstlervermittlung-berlin.h35.io\/en\/#\/schema\/logo\/image\/\",\"url\":\"https:\/\/kuenstlervermittlung-berlin.h35.io\/wp-content\/uploads\/2024\/02\/partybands-Berlin-kuenstlervermittlung-berlin.jpg\",\"contentUrl\":\"https:\/\/kuenstlervermittlung-berlin.h35.io\/wp-content\/uploads\/2024\/02\/partybands-Berlin-kuenstlervermittlung-berlin.jpg\",\"width\":1600,\"height\":814,\"caption\":\"Kuenstleragentur-Berlin\"},\"image\":{\"@id\":\"https:\/\/kuenstlervermittlung-berlin.h35.io\/en\/#\/schema\/logo\/image\/\"},\"sameAs\":[\"https:\/\/www.facebook.com\/FoeldessyEntertainment.GmbH\/\",\"https:\/\/www.instagram.com\/ariadnefoeldessy\/\",\"https:\/\/www.linkedin.com\/in\/ariadne-f\u00f6ldessy-12a23029\/\"],\"description\":\"Kuenstlervermittlung-Berlin wir organisieren Veranstaltungen in ganz Deutschland und Europa. Wir vermitteln Musiker, Artisten, Showakrobaten, Partybdans, Jazzbands, Lounge-Bands,Chill-out-bands, 20er Jahre Shows, Vintage-Shows, Great Gatsby-Shows , Street-Style-Shows, LED-Shows, Bayrische Bands, Oktoberfestband, Jazzbands, DJ, Djane, Comedy K\u00fcnstler, A Capella K\u00fcnstler f\u00fcr Firmenevents, MItarbeiterpartys, Cocktailempfang, Gebutstagsfeiern, Hochzeiten, internationale Kongresse, Messepartys und Messeshows.\",\"email\":\"show@show.gmbh\",\"telephone\":\"+4933203820910\",\"legalName\":\"GmbH\",\"foundingDate\":\"1997-09-18\",\"vatID\":\"DE177317523\",\"taxID\":\"46\/105\/05150\",\"numberOfEmployees\":{\"@type\":\"QuantitativeValue\",\"minValue\":\"1\",\"maxValue\":\"10\"}}]}<\/script>\n<!-- \/ Yoast SEO Premium plugin. -->","yoast_head_json":{"title":"Contact and catalog &#8211; Artist Agency Berlin","description":"Request a catalog for company events, employee parties or trade fair events","robots":{"index":"noindex","follow":"follow","max-snippet":"max-snippet:-1","max-image-preview":"max-image-preview:large","max-video-preview":"max-video-preview:-1"},"og_locale":"en_US","og_type":"article","og_title":"Contact and catalog","og_description":"Request a catalog for company events, employee parties or trade fair events","og_url":"https:\/\/kuenstlervermittlung-berlin.h35.io\/en\/contact-and-catalogue\/","og_site_name":"Artist Agency Berlin","article_publisher":"https:\/\/www.facebook.com\/FoeldessyEntertainment.GmbH\/","article_modified_time":"2024-10-28T15:49:34+00:00","og_image":[{"width":1021,"height":384,"url":"https:\/\/kuenstlervermittlung-berlin.h35.io\/wp-content\/uploads\/2022\/01\/Katalog-anfordern.jpg","type":"image\/jpeg"}],"twitter_card":"summary_large_image","twitter_misc":{"Est. reading time":"1 minute"},"schema":{"@context":"https:\/\/schema.org","@graph":[{"@type":"WebPage","@id":"https:\/\/kuenstlervermittlung-berlin.h35.io\/en\/contact-and-catalogue\/","url":"https:\/\/kuenstlervermittlung-berlin.h35.io\/en\/contact-and-catalogue\/","name":"Contact and catalog &#8211; Artist Agency Berlin","isPartOf":{"@id":"https:\/\/kuenstlervermittlung-berlin.h35.io\/en\/#website"},"primaryImageOfPage":{"@id":"https:\/\/kuenstlervermittlung-berlin.h35.io\/en\/contact-and-catalogue\/#primaryimage"},"image":{"@id":"https:\/\/kuenstlervermittlung-berlin.h35.io\/en\/contact-and-catalogue\/#primaryimage"},"thumbnailUrl":"https:\/\/kuenstlervermittlung-berlin.h35.io\/wp-content\/uploads\/2022\/01\/Katalog-anfordern.jpg","datePublished":"2021-11-30T11:35:55+00:00","dateModified":"2024-10-28T15:49:34+00:00","description":"Request a catalog for company events, employee parties or trade fair events","breadcrumb":{"@id":"https:\/\/kuenstlervermittlung-berlin.h35.io\/en\/contact-and-catalogue\/#breadcrumb"},"inLanguage":"en-US","potentialAction":[{"@type":"ReadAction","target":["https:\/\/kuenstlervermittlung-berlin.h35.io\/en\/contact-and-catalogue\/"]}]},{"@type":"ImageObject","inLanguage":"en-US","@id":"https:\/\/kuenstlervermittlung-berlin.h35.io\/en\/contact-and-catalogue\/#primaryimage","url":"https:\/\/kuenstlervermittlung-berlin.h35.io\/wp-content\/uploads\/2022\/01\/Katalog-anfordern.jpg","contentUrl":"https:\/\/kuenstlervermittlung-berlin.h35.io\/wp-content\/uploads\/2022\/01\/Katalog-anfordern.jpg","width":1021,"height":384,"caption":"Catalog request"},{"@type":"BreadcrumbList","@id":"https:\/\/kuenstlervermittlung-berlin.h35.io\/en\/contact-and-catalogue\/#breadcrumb","itemListElement":[{"@type":"ListItem","position":1,"name":"Startseite","item":"https:\/\/kuenstlervermittlung-berlin.h35.io\/en\/"},{"@type":"ListItem","position":2,"name":"Contact and catalog"}]},{"@type":"WebSite","@id":"https:\/\/kuenstlervermittlung-berlin.h35.io\/en\/#website","url":"https:\/\/kuenstlervermittlung-berlin.h35.io\/en\/","name":"K\u00fcnstlervermittlung Berlin","description":"book artists and musicians","publisher":{"@id":"https:\/\/kuenstlervermittlung-berlin.h35.io\/en\/#organization"},"alternateName":"KB","potentialAction":[{"@type":"SearchAction","target":{"@type":"EntryPoint","urlTemplate":"https:\/\/kuenstlervermittlung-berlin.h35.io\/en\/?s={search_term_string}"},"query-input":{"@type":"PropertyValueSpecification","valueRequired":true,"valueName":"search_term_string"}}],"inLanguage":"en-US"},{"@type":"Organization","@id":"https:\/\/kuenstlervermittlung-berlin.h35.io\/en\/#organization","name":"Kuenstleragentur-Berlin","alternateName":"Kuenstlervermittlung-Berlin","url":"https:\/\/kuenstlervermittlung-berlin.h35.io\/en\/","logo":{"@type":"ImageObject","inLanguage":"en-US","@id":"https:\/\/kuenstlervermittlung-berlin.h35.io\/en\/#\/schema\/logo\/image\/","url":"https:\/\/kuenstlervermittlung-berlin.h35.io\/wp-content\/uploads\/2024\/02\/partybands-Berlin-kuenstlervermittlung-berlin.jpg","contentUrl":"https:\/\/kuenstlervermittlung-berlin.h35.io\/wp-content\/uploads\/2024\/02\/partybands-Berlin-kuenstlervermittlung-berlin.jpg","width":1600,"height":814,"caption":"Kuenstleragentur-Berlin"},"image":{"@id":"https:\/\/kuenstlervermittlung-berlin.h35.io\/en\/#\/schema\/logo\/image\/"},"sameAs":["https:\/\/www.facebook.com\/FoeldessyEntertainment.GmbH\/","https:\/\/www.instagram.com\/ariadnefoeldessy\/","https:\/\/www.linkedin.com\/in\/ariadne-f\u00f6ldessy-12a23029\/"],"description":"Kuenstlervermittlung-Berlin wir organisieren Veranstaltungen in ganz Deutschland und Europa. Wir vermitteln Musiker, Artisten, Showakrobaten, Partybdans, Jazzbands, Lounge-Bands,Chill-out-bands, 20er Jahre Shows, Vintage-Shows, Great Gatsby-Shows , Street-Style-Shows, LED-Shows, Bayrische Bands, Oktoberfestband, Jazzbands, DJ, Djane, Comedy K\u00fcnstler, A Capella K\u00fcnstler f\u00fcr Firmenevents, MItarbeiterpartys, Cocktailempfang, Gebutstagsfeiern, Hochzeiten, internationale Kongresse, Messepartys und Messeshows.","email":"show@show.gmbh","telephone":"+4933203820910","legalName":"GmbH","foundingDate":"1997-09-18","vatID":"DE177317523","taxID":"46\/105\/05150","numberOfEmployees":{"@type":"QuantitativeValue","minValue":"1","maxValue":"10"}}]}},"_links":{"self":[{"href":"https:\/\/kuenstlervermittlung-berlin.h35.io\/en\/wp-json\/wp\/v2\/pages\/21343","targetHints":{"allow":["GET"]}}],"collection":[{"href":"https:\/\/kuenstlervermittlung-berlin.h35.io\/en\/wp-json\/wp\/v2\/pages"}],"about":[{"href":"https:\/\/kuenstlervermittlung-berlin.h35.io\/en\/wp-json\/wp\/v2\/types\/page"}],"author":[{"embeddable":true,"href":"https:\/\/kuenstlervermittlung-berlin.h35.io\/en\/wp-json\/wp\/v2\/users\/3"}],"replies":[{"embeddable":true,"href":"https:\/\/kuenstlervermittlung-berlin.h35.io\/en\/wp-json\/wp\/v2\/comments?post=21343"}],"version-history":[{"count":6,"href":"https:\/\/kuenstlervermittlung-berlin.h35.io\/en\/wp-json\/wp\/v2\/pages\/21343\/revisions"}],"predecessor-version":[{"id":25244,"href":"https:\/\/kuenstlervermittlung-berlin.h35.io\/en\/wp-json\/wp\/v2\/pages\/21343\/revisions\/25244"}],"wp:featuredmedia":[{"embeddable":true,"href":"https:\/\/kuenstlervermittlung-berlin.h35.io\/en\/wp-json\/wp\/v2\/media\/22405"}],"wp:attachment":[{"href":"https:\/\/kuenstlervermittlung-berlin.h35.io\/en\/wp-json\/wp\/v2\/media?parent=21343"}],"curies":[{"name":"wp","href":"https:\/\/api.w.org\/{rel}","templated":true}]}}