{"id":24280,"date":"2024-02-03T15:21:03","date_gmt":"2024-02-03T14:21:03","guid":{"rendered":"https:\/\/www.kuenstlervermittlung-berlin.com\/homepage\/artist-application\/"},"modified":"2024-04-25T14:00:59","modified_gmt":"2024-04-25T12:00:59","slug":"artist-application","status":"publish","type":"page","link":"https:\/\/kuenstlervermittlung-berlin.h35.io\/en\/homepage\/artist-application\/","title":{"rendered":"Artist application"},"content":{"rendered":"\t\t<div data-elementor-type=\"wp-page\" data-elementor-id=\"24280\" class=\"elementor elementor-24280 elementor-24268\" data-elementor-post-type=\"page\">\n\t\t\t\t\t\t<section class=\"elementor-section elementor-top-section elementor-element elementor-element-2b02a30 elementor-section-boxed elementor-section-height-default elementor-section-height-default\" data-id=\"2b02a30\" data-element_type=\"section\">\n\t\t\t\t\t\t<div class=\"elementor-container elementor-column-gap-default\">\n\t\t\t\t\t<div class=\"elementor-column elementor-col-100 elementor-top-column elementor-element elementor-element-d1c58ca\" data-id=\"d1c58ca\" data-element_type=\"column\">\n\t\t\t<div class=\"elementor-widget-wrap elementor-element-populated\">\n\t\t\t\t\t\t<div class=\"elementor-element elementor-element-ac78dfd elementor-widget elementor-widget-heading\" data-id=\"ac78dfd\" data-element_type=\"widget\" data-widget_type=\"heading.default\">\n\t\t\t\t<div class=\"elementor-widget-container\">\n\t\t\t\t\t<h2 class=\"elementor-heading-title elementor-size-default\">Artist application<\/h2>\t\t\t\t<\/div>\n\t\t\t\t<\/div>\n\t\t\t\t<div class=\"elementor-element elementor-element-d103169 elementor-widget elementor-widget-heading\" data-id=\"d103169\" data-element_type=\"widget\" data-widget_type=\"heading.default\">\n\t\t\t\t<div class=\"elementor-widget-container\">\n\t\t\t\t\t<h2 class=\"elementor-heading-title elementor-size-default\">Musician-Band-Application<\/h2>\t\t\t\t<\/div>\n\t\t\t\t<\/div>\n\t\t\t\t<div class=\"elementor-element elementor-element-4c7c0ce0 elementor-widget elementor-widget-text-editor\" data-id=\"4c7c0ce0\" data-element_type=\"widget\" data-widget_type=\"text-editor.default\">\n\t\t\t\t<div class=\"elementor-widget-container\">\n\t\t\t\t\t\t\t\t\t<p>&nbsp;<\/p>\n<p>&nbsp;<\/p>\n<p>&nbsp;<\/p>\n<ol>\n<li>Artist application musician-band application<\/li>\n<\/ol>\n<div class=\"wp-block-media-text is-stacked-on-mobile\">\n<div class=\"wp-block-media-text__content\">\n<p>&nbsp;<\/p>\n<p>&nbsp;<\/p>\n<p>&nbsp;<\/p>\n<p>&nbsp;<\/p>\n<p>Dear artists,<\/p>\n<p>&nbsp;<\/p>\n<p>Dear musicians,<\/p>\n<p>&nbsp;<\/p>\n<p>Please send me your application to Show@show.gmbh &#8211; To be included in my catalog and online pages only free photos and video links. We can only accept artists\/musicians who allow us to do so and we will then decide after we have viewed the material whether you fit into our portfolio.<\/p>\n<p>&nbsp;<\/p>\n<p>1. we need the duration of the performance<\/p>\n<p>&nbsp;<\/p>\n<p>2. technical requirements<\/p>\n<p>&nbsp;<\/p>\n<p>3. information on nationality ! Whether you have a German tax number or whether you fall under \u00a7 50 A Ausl\u00e4ndersteuer Gage + 18.8%, which we have to pay to the state on your fee.<\/p>\n<p>&nbsp;<\/p>\n<p>4. we would like to see all performances once in advance and always ask for tour information when and where we can see them for free !!!<\/p>\n<p>&nbsp;<\/p>\n<p class=\"has-vivid-red-color has-black-background-color has-text-color has-background has-link-color\">5. If you are included in our portfolio, you agree that your material will be used both on our website and for offer presentations. You can revoke this at any time.<\/p>\n<p>&nbsp;<\/p>\n<p>Application to: <a href=\"mailto:show@show.gmbh\" target=\"_blank\" rel=\"noopener\">show@show.gmbh<\/a> we will not get back to you immediately!!! We are often on the road and cannot contact every artist immediately! You do not need to call, we will get back to you<\/p>\n<p>&nbsp;<\/p>\n<\/div>\n<\/div>\n<p>&nbsp;<\/p>\n\t\t\t\t\t\t\t\t<\/div>\n\t\t\t\t<\/div>\n\t\t\t\t\t<\/div>\n\t\t<\/div>\n\t\t\t\t\t<\/div>\n\t\t<\/section>\n\t\t\t\t<\/div>\n\t\t","protected":false},"excerpt":{"rendered":"<p>Artist application Musician-Band-Application &nbsp; &nbsp; &nbsp; Artist application musician-band application &nbsp; &nbsp; &nbsp; &nbsp; Dear artists, &nbsp; Dear musicians, &nbsp; Please send me your application to Show@show.gmbh &#8211; To be included in my catalog and online pages only free photos and video links. We can only accept artists\/musicians who allow us to do so and [&hellip;]<\/p>\n","protected":false},"author":6,"featured_media":0,"parent":21518,"menu_order":0,"comment_status":"closed","ping_status":"closed","template":"","meta":{"_acf_changed":false,"footnotes":""},"class_list":["post-24280","page","type-page","status-publish","hentry"],"acf":[],"yoast_head":"<!-- This site is optimized with the Yoast SEO Premium plugin v26.0 (Yoast SEO v26.2) - https:\/\/yoast.com\/wordpress\/plugins\/seo\/ -->\n<title>Artist application &#8211; Artist Agency Berlin<\/title>\n<meta name=\"description\" content=\"Artists and musicians who would like to apply to our agency.\" \/>\n<meta name=\"robots\" content=\"noindex, follow, max-snippet:-1, max-image-preview:large, max-video-preview:-1\" \/>\n<meta property=\"og:locale\" content=\"en_US\" \/>\n<meta property=\"og:type\" content=\"article\" \/>\n<meta property=\"og:title\" content=\"Artist application\" \/>\n<meta property=\"og:description\" content=\"Artists and musicians who would like to apply to our agency.\" \/>\n<meta property=\"og:url\" content=\"https:\/\/kuenstlervermittlung-berlin.h35.io\/en\/homepage\/artist-application\/\" \/>\n<meta property=\"og:site_name\" content=\"Artist Agency Berlin\" \/>\n<meta property=\"article:publisher\" content=\"https:\/\/www.facebook.com\/FoeldessyEntertainment.GmbH\/\" \/>\n<meta property=\"article:modified_time\" content=\"2024-04-25T12:00:59+00:00\" \/>\n<meta property=\"og:image\" content=\"https:\/\/kuenstlervermittlung-berlin.h35.io\/wp-content\/uploads\/2024\/02\/partybands-Berlin-kuenstlervermittlung-berlin.jpg\" \/>\n\t<meta property=\"og:image:width\" content=\"1600\" \/>\n\t<meta property=\"og:image:height\" content=\"814\" \/>\n\t<meta property=\"og:image:type\" content=\"image\/jpeg\" \/>\n<meta name=\"twitter:card\" content=\"summary_large_image\" \/>\n<meta name=\"twitter:label1\" content=\"Est. reading time\" \/>\n\t<meta name=\"twitter:data1\" content=\"1 minute\" \/>\n<script type=\"application\/ld+json\" class=\"yoast-schema-graph\">{\"@context\":\"https:\/\/schema.org\",\"@graph\":[{\"@type\":\"WebPage\",\"@id\":\"https:\/\/kuenstlervermittlung-berlin.h35.io\/en\/homepage\/artist-application\/\",\"url\":\"https:\/\/kuenstlervermittlung-berlin.h35.io\/en\/homepage\/artist-application\/\",\"name\":\"Artist application &#8211; Artist Agency Berlin\",\"isPartOf\":{\"@id\":\"https:\/\/kuenstlervermittlung-berlin.h35.io\/en\/#website\"},\"datePublished\":\"2024-02-03T14:21:03+00:00\",\"dateModified\":\"2024-04-25T12:00:59+00:00\",\"description\":\"Artists and musicians who would like to apply to our agency.\",\"breadcrumb\":{\"@id\":\"https:\/\/kuenstlervermittlung-berlin.h35.io\/en\/homepage\/artist-application\/#breadcrumb\"},\"inLanguage\":\"en-US\",\"potentialAction\":[{\"@type\":\"ReadAction\",\"target\":[\"https:\/\/kuenstlervermittlung-berlin.h35.io\/en\/homepage\/artist-application\/\"]}]},{\"@type\":\"BreadcrumbList\",\"@id\":\"https:\/\/kuenstlervermittlung-berlin.h35.io\/en\/homepage\/artist-application\/#breadcrumb\",\"itemListElement\":[{\"@type\":\"ListItem\",\"position\":1,\"name\":\"Startseite\",\"item\":\"https:\/\/kuenstlervermittlung-berlin.h35.io\/en\/\"},{\"@type\":\"ListItem\",\"position\":2,\"name\":\"Homepage\",\"item\":\"https:\/\/kuenstlervermittlung-berlin.h35.io\/en\/\"},{\"@type\":\"ListItem\",\"position\":3,\"name\":\"Artist application\"}]},{\"@type\":\"WebSite\",\"@id\":\"https:\/\/kuenstlervermittlung-berlin.h35.io\/en\/#website\",\"url\":\"https:\/\/kuenstlervermittlung-berlin.h35.io\/en\/\",\"name\":\"K\u00fcnstlervermittlung Berlin\",\"description\":\"book artists and musicians\",\"publisher\":{\"@id\":\"https:\/\/kuenstlervermittlung-berlin.h35.io\/en\/#organization\"},\"alternateName\":\"KB\",\"potentialAction\":[{\"@type\":\"SearchAction\",\"target\":{\"@type\":\"EntryPoint\",\"urlTemplate\":\"https:\/\/kuenstlervermittlung-berlin.h35.io\/en\/?s={search_term_string}\"},\"query-input\":{\"@type\":\"PropertyValueSpecification\",\"valueRequired\":true,\"valueName\":\"search_term_string\"}}],\"inLanguage\":\"en-US\"},{\"@type\":\"Organization\",\"@id\":\"https:\/\/kuenstlervermittlung-berlin.h35.io\/en\/#organization\",\"name\":\"Kuenstleragentur-Berlin\",\"alternateName\":\"Kuenstlervermittlung-Berlin\",\"url\":\"https:\/\/kuenstlervermittlung-berlin.h35.io\/en\/\",\"logo\":{\"@type\":\"ImageObject\",\"inLanguage\":\"en-US\",\"@id\":\"https:\/\/kuenstlervermittlung-berlin.h35.io\/en\/#\/schema\/logo\/image\/\",\"url\":\"https:\/\/kuenstlervermittlung-berlin.h35.io\/wp-content\/uploads\/2024\/02\/partybands-Berlin-kuenstlervermittlung-berlin.jpg\",\"contentUrl\":\"https:\/\/kuenstlervermittlung-berlin.h35.io\/wp-content\/uploads\/2024\/02\/partybands-Berlin-kuenstlervermittlung-berlin.jpg\",\"width\":1600,\"height\":814,\"caption\":\"Kuenstleragentur-Berlin\"},\"image\":{\"@id\":\"https:\/\/kuenstlervermittlung-berlin.h35.io\/en\/#\/schema\/logo\/image\/\"},\"sameAs\":[\"https:\/\/www.facebook.com\/FoeldessyEntertainment.GmbH\/\",\"https:\/\/www.instagram.com\/ariadnefoeldessy\/\",\"https:\/\/www.linkedin.com\/in\/ariadne-f\u00f6ldessy-12a23029\/\"],\"description\":\"Kuenstlervermittlung-Berlin wir organisieren Veranstaltungen in ganz Deutschland und Europa. Wir vermitteln Musiker, Artisten, Showakrobaten, Partybdans, Jazzbands, Lounge-Bands,Chill-out-bands, 20er Jahre Shows, Vintage-Shows, Great Gatsby-Shows , Street-Style-Shows, LED-Shows, Bayrische Bands, Oktoberfestband, Jazzbands, DJ, Djane, Comedy K\u00fcnstler, A Capella K\u00fcnstler f\u00fcr Firmenevents, MItarbeiterpartys, Cocktailempfang, Gebutstagsfeiern, Hochzeiten, internationale Kongresse, Messepartys und Messeshows.\",\"email\":\"show@show.gmbh\",\"telephone\":\"+4933203820910\",\"legalName\":\"GmbH\",\"foundingDate\":\"1997-09-18\",\"vatID\":\"DE177317523\",\"taxID\":\"46\/105\/05150\",\"numberOfEmployees\":{\"@type\":\"QuantitativeValue\",\"minValue\":\"1\",\"maxValue\":\"10\"}}]}<\/script>\n<!-- \/ Yoast SEO Premium plugin. -->","yoast_head_json":{"title":"Artist application &#8211; Artist Agency Berlin","description":"Artists and musicians who would like to apply to our agency.","robots":{"index":"noindex","follow":"follow","max-snippet":"max-snippet:-1","max-image-preview":"max-image-preview:large","max-video-preview":"max-video-preview:-1"},"og_locale":"en_US","og_type":"article","og_title":"Artist application","og_description":"Artists and musicians who would like to apply to our agency.","og_url":"https:\/\/kuenstlervermittlung-berlin.h35.io\/en\/homepage\/artist-application\/","og_site_name":"Artist Agency Berlin","article_publisher":"https:\/\/www.facebook.com\/FoeldessyEntertainment.GmbH\/","article_modified_time":"2024-04-25T12:00:59+00:00","og_image":[{"width":1600,"height":814,"url":"https:\/\/kuenstlervermittlung-berlin.h35.io\/wp-content\/uploads\/2024\/02\/partybands-Berlin-kuenstlervermittlung-berlin.jpg","type":"image\/jpeg"}],"twitter_card":"summary_large_image","twitter_misc":{"Est. reading time":"1 minute"},"schema":{"@context":"https:\/\/schema.org","@graph":[{"@type":"WebPage","@id":"https:\/\/kuenstlervermittlung-berlin.h35.io\/en\/homepage\/artist-application\/","url":"https:\/\/kuenstlervermittlung-berlin.h35.io\/en\/homepage\/artist-application\/","name":"Artist application &#8211; Artist Agency Berlin","isPartOf":{"@id":"https:\/\/kuenstlervermittlung-berlin.h35.io\/en\/#website"},"datePublished":"2024-02-03T14:21:03+00:00","dateModified":"2024-04-25T12:00:59+00:00","description":"Artists and musicians who would like to apply to our agency.","breadcrumb":{"@id":"https:\/\/kuenstlervermittlung-berlin.h35.io\/en\/homepage\/artist-application\/#breadcrumb"},"inLanguage":"en-US","potentialAction":[{"@type":"ReadAction","target":["https:\/\/kuenstlervermittlung-berlin.h35.io\/en\/homepage\/artist-application\/"]}]},{"@type":"BreadcrumbList","@id":"https:\/\/kuenstlervermittlung-berlin.h35.io\/en\/homepage\/artist-application\/#breadcrumb","itemListElement":[{"@type":"ListItem","position":1,"name":"Startseite","item":"https:\/\/kuenstlervermittlung-berlin.h35.io\/en\/"},{"@type":"ListItem","position":2,"name":"Homepage","item":"https:\/\/kuenstlervermittlung-berlin.h35.io\/en\/"},{"@type":"ListItem","position":3,"name":"Artist application"}]},{"@type":"WebSite","@id":"https:\/\/kuenstlervermittlung-berlin.h35.io\/en\/#website","url":"https:\/\/kuenstlervermittlung-berlin.h35.io\/en\/","name":"K\u00fcnstlervermittlung Berlin","description":"book artists and musicians","publisher":{"@id":"https:\/\/kuenstlervermittlung-berlin.h35.io\/en\/#organization"},"alternateName":"KB","potentialAction":[{"@type":"SearchAction","target":{"@type":"EntryPoint","urlTemplate":"https:\/\/kuenstlervermittlung-berlin.h35.io\/en\/?s={search_term_string}"},"query-input":{"@type":"PropertyValueSpecification","valueRequired":true,"valueName":"search_term_string"}}],"inLanguage":"en-US"},{"@type":"Organization","@id":"https:\/\/kuenstlervermittlung-berlin.h35.io\/en\/#organization","name":"Kuenstleragentur-Berlin","alternateName":"Kuenstlervermittlung-Berlin","url":"https:\/\/kuenstlervermittlung-berlin.h35.io\/en\/","logo":{"@type":"ImageObject","inLanguage":"en-US","@id":"https:\/\/kuenstlervermittlung-berlin.h35.io\/en\/#\/schema\/logo\/image\/","url":"https:\/\/kuenstlervermittlung-berlin.h35.io\/wp-content\/uploads\/2024\/02\/partybands-Berlin-kuenstlervermittlung-berlin.jpg","contentUrl":"https:\/\/kuenstlervermittlung-berlin.h35.io\/wp-content\/uploads\/2024\/02\/partybands-Berlin-kuenstlervermittlung-berlin.jpg","width":1600,"height":814,"caption":"Kuenstleragentur-Berlin"},"image":{"@id":"https:\/\/kuenstlervermittlung-berlin.h35.io\/en\/#\/schema\/logo\/image\/"},"sameAs":["https:\/\/www.facebook.com\/FoeldessyEntertainment.GmbH\/","https:\/\/www.instagram.com\/ariadnefoeldessy\/","https:\/\/www.linkedin.com\/in\/ariadne-f\u00f6ldessy-12a23029\/"],"description":"Kuenstlervermittlung-Berlin wir organisieren Veranstaltungen in ganz Deutschland und Europa. Wir vermitteln Musiker, Artisten, Showakrobaten, Partybdans, Jazzbands, Lounge-Bands,Chill-out-bands, 20er Jahre Shows, Vintage-Shows, Great Gatsby-Shows , Street-Style-Shows, LED-Shows, Bayrische Bands, Oktoberfestband, Jazzbands, DJ, Djane, Comedy K\u00fcnstler, A Capella K\u00fcnstler f\u00fcr Firmenevents, MItarbeiterpartys, Cocktailempfang, Gebutstagsfeiern, Hochzeiten, internationale Kongresse, Messepartys und Messeshows.","email":"show@show.gmbh","telephone":"+4933203820910","legalName":"GmbH","foundingDate":"1997-09-18","vatID":"DE177317523","taxID":"46\/105\/05150","numberOfEmployees":{"@type":"QuantitativeValue","minValue":"1","maxValue":"10"}}]}},"_links":{"self":[{"href":"https:\/\/kuenstlervermittlung-berlin.h35.io\/en\/wp-json\/wp\/v2\/pages\/24280","targetHints":{"allow":["GET"]}}],"collection":[{"href":"https:\/\/kuenstlervermittlung-berlin.h35.io\/en\/wp-json\/wp\/v2\/pages"}],"about":[{"href":"https:\/\/kuenstlervermittlung-berlin.h35.io\/en\/wp-json\/wp\/v2\/types\/page"}],"author":[{"embeddable":true,"href":"https:\/\/kuenstlervermittlung-berlin.h35.io\/en\/wp-json\/wp\/v2\/users\/6"}],"replies":[{"embeddable":true,"href":"https:\/\/kuenstlervermittlung-berlin.h35.io\/en\/wp-json\/wp\/v2\/comments?post=24280"}],"version-history":[{"count":2,"href":"https:\/\/kuenstlervermittlung-berlin.h35.io\/en\/wp-json\/wp\/v2\/pages\/24280\/revisions"}],"predecessor-version":[{"id":24293,"href":"https:\/\/kuenstlervermittlung-berlin.h35.io\/en\/wp-json\/wp\/v2\/pages\/24280\/revisions\/24293"}],"up":[{"embeddable":true,"href":"https:\/\/kuenstlervermittlung-berlin.h35.io\/en\/wp-json\/wp\/v2\/pages\/21518"}],"wp:attachment":[{"href":"https:\/\/kuenstlervermittlung-berlin.h35.io\/en\/wp-json\/wp\/v2\/media?parent=24280"}],"curies":[{"name":"wp","href":"https:\/\/api.w.org\/{rel}","templated":true}]}}